{"id":6053,"date":"2026-03-13T10:23:12","date_gmt":"2026-03-13T09:23:12","guid":{"rendered":"https:\/\/xprosec.pl\/?post_type=product&#038;p=6053"},"modified":"2026-03-13T10:23:33","modified_gmt":"2026-03-13T09:23:33","slug":"dw-spiolsc001","status":"publish","type":"product","link":"https:\/\/xprosec.pl\/en\/produkt\/dw-spiolsc001\/","title":{"rendered":"DW-SPIOLSC001"},"content":{"rendered":"<table width=\"453\">\n<tbody>\n<tr>\n<td style=\"font-weight: 400;\" width=\"453\">Licencja DW SPECTRUM IPVMS dla modu\u0142\u00f3w IP I\/O &#8211; wspeirane modu\u0142y I\/O s\u0105 automatycznie wykrywane i mog\u0105 by\u0107 u\u017cwana do uruchamiania zdarze\u0144, akcji i alert\u00f3w w systemie DW SPECTRUM<\/td>\n<\/tr>\n<\/tbody>\n<\/table>\n","protected":false},"excerpt":{"rendered":"<table width=\"453\">\n<tbody>\n<tr>\n<td style=\"font-weight: 400;\" width=\"453\">Licencja DW SPECTRUM IPVMS dla modu\u0142\u00f3w IP I\/O &#8211; wspeirane modu\u0142y I\/O s\u0105 automatycznie wykrywane i mog\u0105 by\u0107 u\u017cwana do uruchamiania zdarze\u0144, akcji i alert\u00f3w w systemie DW SPECTRUM<\/td>\n<\/tr>\n<\/tbody>\n<\/table>\n","protected":false},"featured_media":4310,"template":"","meta":{"_mi_skip_tracking":false},"product_cat":[45,59],"product_tag":[],"class_list":["post-6053","product","type-product","status-publish","has-post-thumbnail","hentry","product_cat-cctv","product_cat-oprogramowanie"],"aioseo_notices":[],"_links":{"self":[{"href":"https:\/\/xprosec.pl\/en\/wp-json\/wp\/v2\/product\/6053","targetHints":{"allow":["GET"]}}],"collection":[{"href":"https:\/\/xprosec.pl\/en\/wp-json\/wp\/v2\/product"}],"about":[{"href":"https:\/\/xprosec.pl\/en\/wp-json\/wp\/v2\/types\/product"}],"version-history":[{"count":1,"href":"https:\/\/xprosec.pl\/en\/wp-json\/wp\/v2\/product\/6053\/revisions"}],"predecessor-version":[{"id":6054,"href":"https:\/\/xprosec.pl\/en\/wp-json\/wp\/v2\/product\/6053\/revisions\/6054"}],"wp:featuredmedia":[{"embeddable":true,"href":"https:\/\/xprosec.pl\/en\/wp-json\/wp\/v2\/media\/4310"}],"wp:attachment":[{"href":"https:\/\/xprosec.pl\/en\/wp-json\/wp\/v2\/media?parent=6053"}],"wp:term":[{"taxonomy":"product_cat","embeddable":true,"href":"https:\/\/xprosec.pl\/en\/wp-json\/wp\/v2\/product_cat?post=6053"},{"taxonomy":"product_tag","embeddable":true,"href":"https:\/\/xprosec.pl\/en\/wp-json\/wp\/v2\/product_tag?post=6053"}],"curies":[{"name":"wp","href":"https:\/\/api.w.org\/{rel}","templated":true}]}}