{"id":6049,"date":"2026-03-13T10:21:53","date_gmt":"2026-03-13T09:21:53","guid":{"rendered":"https:\/\/xprosec.pl\/?post_type=product&#038;p=6049"},"modified":"2026-03-13T10:22:21","modified_gmt":"2026-03-13T09:22:21","slug":"dw-spcp04lsc004","status":"publish","type":"product","link":"https:\/\/xprosec.pl\/en\/produkt\/dw-spcp04lsc004\/","title":{"rendered":"DW-SPCP04LSC004"},"content":{"rendered":"<table width=\"453\">\n<tbody>\n<tr>\n<td style=\"font-weight: 400;\" width=\"453\">Licencja DW SPECTRUM IPVM pozwalaj\u0105ca na rejestracj\u0119 do 4 kana\u0142\u00f3w z u\u017cyciem enkodera DW-ENHD16<\/td>\n<\/tr>\n<\/tbody>\n<\/table>\n","protected":false},"excerpt":{"rendered":"<table width=\"453\">\n<tbody>\n<tr>\n<td style=\"font-weight: 400;\" width=\"453\">Licencja DW SPECTRUM IPVM pozwalaj\u0105ca na rejestracj\u0119 do 4 kana\u0142\u00f3w z u\u017cyciem enkodera DW-ENHD16<\/td>\n<\/tr>\n<\/tbody>\n<\/table>\n","protected":false},"featured_media":4310,"template":"","meta":{"_mi_skip_tracking":false},"product_cat":[45,59],"product_tag":[],"class_list":["post-6049","product","type-product","status-publish","has-post-thumbnail","hentry","product_cat-cctv","product_cat-oprogramowanie"],"aioseo_notices":[],"_links":{"self":[{"href":"https:\/\/xprosec.pl\/en\/wp-json\/wp\/v2\/product\/6049","targetHints":{"allow":["GET"]}}],"collection":[{"href":"https:\/\/xprosec.pl\/en\/wp-json\/wp\/v2\/product"}],"about":[{"href":"https:\/\/xprosec.pl\/en\/wp-json\/wp\/v2\/types\/product"}],"version-history":[{"count":1,"href":"https:\/\/xprosec.pl\/en\/wp-json\/wp\/v2\/product\/6049\/revisions"}],"predecessor-version":[{"id":6050,"href":"https:\/\/xprosec.pl\/en\/wp-json\/wp\/v2\/product\/6049\/revisions\/6050"}],"wp:featuredmedia":[{"embeddable":true,"href":"https:\/\/xprosec.pl\/en\/wp-json\/wp\/v2\/media\/4310"}],"wp:attachment":[{"href":"https:\/\/xprosec.pl\/en\/wp-json\/wp\/v2\/media?parent=6049"}],"wp:term":[{"taxonomy":"product_cat","embeddable":true,"href":"https:\/\/xprosec.pl\/en\/wp-json\/wp\/v2\/product_cat?post=6049"},{"taxonomy":"product_tag","embeddable":true,"href":"https:\/\/xprosec.pl\/en\/wp-json\/wp\/v2\/product_tag?post=6049"}],"curies":[{"name":"wp","href":"https:\/\/api.w.org\/{rel}","templated":true}]}}