{"id":6005,"date":"2026-03-13T10:01:18","date_gmt":"2026-03-13T09:01:18","guid":{"rendered":"https:\/\/xprosec.pl\/?post_type=product&#038;p=6005"},"modified":"2026-03-13T10:03:09","modified_gmt":"2026-03-13T09:03:09","slug":"dwc-wmjuncw","status":"publish","type":"product","link":"https:\/\/xprosec.pl\/en\/produkt\/dwc-wmjuncw\/","title":{"rendered":"DWC-WMJUNCW"},"content":{"rendered":"<table width=\"453\">\n<tbody>\n<tr>\n<td style=\"font-weight: 400;\" width=\"453\">Puszka \u0142\u0105czeniowa dla uchwyt\u00f3w \u015bciennych<\/td>\n<\/tr>\n<\/tbody>\n<\/table>\n<p>&nbsp;<\/p>\n","protected":false},"excerpt":{"rendered":"<table width=\"453\">\n<tbody>\n<tr>\n<td style=\"font-weight: 400;\" width=\"453\">Puszka \u0142\u0105czeniowa dla uchwyt\u00f3w \u015bciennych<\/td>\n<\/tr>\n<\/tbody>\n<\/table>\n","protected":false},"featured_media":6008,"template":"","meta":{"_mi_skip_tracking":false},"product_cat":[242,45],"product_tag":[],"class_list":["post-6005","product","type-product","status-publish","has-post-thumbnail","hentry","product_cat-akcesoria-cctv","product_cat-cctv","pa_producent-digital-watchdog"],"aioseo_notices":[],"_links":{"self":[{"href":"https:\/\/xprosec.pl\/en\/wp-json\/wp\/v2\/product\/6005","targetHints":{"allow":["GET"]}}],"collection":[{"href":"https:\/\/xprosec.pl\/en\/wp-json\/wp\/v2\/product"}],"about":[{"href":"https:\/\/xprosec.pl\/en\/wp-json\/wp\/v2\/types\/product"}],"version-history":[{"count":1,"href":"https:\/\/xprosec.pl\/en\/wp-json\/wp\/v2\/product\/6005\/revisions"}],"predecessor-version":[{"id":6010,"href":"https:\/\/xprosec.pl\/en\/wp-json\/wp\/v2\/product\/6005\/revisions\/6010"}],"wp:featuredmedia":[{"embeddable":true,"href":"https:\/\/xprosec.pl\/en\/wp-json\/wp\/v2\/media\/6008"}],"wp:attachment":[{"href":"https:\/\/xprosec.pl\/en\/wp-json\/wp\/v2\/media?parent=6005"}],"wp:term":[{"taxonomy":"product_cat","embeddable":true,"href":"https:\/\/xprosec.pl\/en\/wp-json\/wp\/v2\/product_cat?post=6005"},{"taxonomy":"product_tag","embeddable":true,"href":"https:\/\/xprosec.pl\/en\/wp-json\/wp\/v2\/product_tag?post=6005"}],"curies":[{"name":"wp","href":"https:\/\/api.w.org\/{rel}","templated":true}]}}