{"id":5854,"date":"2026-03-12T12:33:24","date_gmt":"2026-03-12T11:33:24","guid":{"rendered":"https:\/\/xprosec.pl\/?post_type=product&#038;p=5854"},"modified":"2026-03-12T12:35:22","modified_gmt":"2026-03-12T11:35:22","slug":"dw-poeex2","status":"publish","type":"product","link":"https:\/\/xprosec.pl\/en\/produkt\/dw-poeex2\/","title":{"rendered":"DW-POEEX2"},"content":{"rendered":"<table width=\"453\">\n<tbody>\n<tr>\n<td style=\"font-weight: 400;\" width=\"453\">Rozdzielacz i wzmacniacz PoE, 2 porty 10\/100\/1000 Mbps, wodoodporny, wej\u015bcie PD 90W, 2 x wyj\u015bcie PSE (moc zalezna od wej\u015bcia), IEEE802.3af\/at\/bt, IP67, IK10<\/td>\n<\/tr>\n<\/tbody>\n<\/table>\n","protected":false},"excerpt":{"rendered":"<table width=\"453\">\n<tbody>\n<tr>\n<td style=\"font-weight: 400;\" width=\"453\">Rozdzielacz i wzmacniacz PoE, 2 porty 10\/100\/1000 Mbps, wodoodporny, wej\u015bcie PD 90W, 2 x wyj\u015bcie PSE (moc zalezna od wej\u015bcia), IEEE802.3af\/at\/bt, IP67, IK10<\/td>\n<\/tr>\n<\/tbody>\n<\/table>\n","protected":false},"featured_media":5857,"template":"","meta":{"_mi_skip_tracking":false},"product_cat":[242,45],"product_tag":[],"class_list":["post-5854","product","type-product","status-publish","has-post-thumbnail","hentry","product_cat-akcesoria-cctv","product_cat-cctv","pa_producent-digital-watchdog"],"aioseo_notices":[],"_links":{"self":[{"href":"https:\/\/xprosec.pl\/en\/wp-json\/wp\/v2\/product\/5854","targetHints":{"allow":["GET"]}}],"collection":[{"href":"https:\/\/xprosec.pl\/en\/wp-json\/wp\/v2\/product"}],"about":[{"href":"https:\/\/xprosec.pl\/en\/wp-json\/wp\/v2\/types\/product"}],"version-history":[{"count":1,"href":"https:\/\/xprosec.pl\/en\/wp-json\/wp\/v2\/product\/5854\/revisions"}],"predecessor-version":[{"id":5859,"href":"https:\/\/xprosec.pl\/en\/wp-json\/wp\/v2\/product\/5854\/revisions\/5859"}],"wp:featuredmedia":[{"embeddable":true,"href":"https:\/\/xprosec.pl\/en\/wp-json\/wp\/v2\/media\/5857"}],"wp:attachment":[{"href":"https:\/\/xprosec.pl\/en\/wp-json\/wp\/v2\/media?parent=5854"}],"wp:term":[{"taxonomy":"product_cat","embeddable":true,"href":"https:\/\/xprosec.pl\/en\/wp-json\/wp\/v2\/product_cat?post=5854"},{"taxonomy":"product_tag","embeddable":true,"href":"https:\/\/xprosec.pl\/en\/wp-json\/wp\/v2\/product_tag?post=5854"}],"curies":[{"name":"wp","href":"https:\/\/api.w.org\/{rel}","templated":true}]}}