{"id":5823,"date":"2026-03-12T11:56:13","date_gmt":"2026-03-12T10:56:13","guid":{"rendered":"https:\/\/xprosec.pl\/?post_type=product&#038;p=5823"},"modified":"2026-03-12T11:58:10","modified_gmt":"2026-03-12T10:58:10","slug":"dwc-mv9wmj2","status":"publish","type":"product","link":"https:\/\/xprosec.pl\/en\/produkt\/dwc-mv9wmj2\/","title":{"rendered":"DWC-MV9WMJ2"},"content":{"rendered":"<table width=\"453\">\n<tbody>\n<tr>\n<td style=\"font-weight: 400;\" width=\"453\">Uchwyt \u015bcienny z puszk\u0105 monta\u017cow\u0105 dla kamer kopu\u0142kowych z obiektywem motor-zoom<\/td>\n<\/tr>\n<\/tbody>\n<\/table>\n","protected":false},"excerpt":{"rendered":"<table width=\"453\">\n<tbody>\n<tr>\n<td style=\"font-weight: 400;\" width=\"453\">Uchwyt \u015bcienny z puszk\u0105 monta\u017cow\u0105 dla kamer kopu\u0142kowych z obiektywem motor-zoom<\/td>\n<\/tr>\n<\/tbody>\n<\/table>\n","protected":false},"featured_media":5826,"template":"","meta":{"_mi_skip_tracking":false},"product_cat":[242,45],"product_tag":[],"class_list":["post-5823","product","type-product","status-publish","has-post-thumbnail","hentry","product_cat-akcesoria-cctv","product_cat-cctv","pa_producent-digital-watchdog"],"aioseo_notices":[],"_links":{"self":[{"href":"https:\/\/xprosec.pl\/en\/wp-json\/wp\/v2\/product\/5823","targetHints":{"allow":["GET"]}}],"collection":[{"href":"https:\/\/xprosec.pl\/en\/wp-json\/wp\/v2\/product"}],"about":[{"href":"https:\/\/xprosec.pl\/en\/wp-json\/wp\/v2\/types\/product"}],"version-history":[{"count":1,"href":"https:\/\/xprosec.pl\/en\/wp-json\/wp\/v2\/product\/5823\/revisions"}],"predecessor-version":[{"id":5828,"href":"https:\/\/xprosec.pl\/en\/wp-json\/wp\/v2\/product\/5823\/revisions\/5828"}],"wp:featuredmedia":[{"embeddable":true,"href":"https:\/\/xprosec.pl\/en\/wp-json\/wp\/v2\/media\/5826"}],"wp:attachment":[{"href":"https:\/\/xprosec.pl\/en\/wp-json\/wp\/v2\/media?parent=5823"}],"wp:term":[{"taxonomy":"product_cat","embeddable":true,"href":"https:\/\/xprosec.pl\/en\/wp-json\/wp\/v2\/product_cat?post=5823"},{"taxonomy":"product_tag","embeddable":true,"href":"https:\/\/xprosec.pl\/en\/wp-json\/wp\/v2\/product_tag?post=5823"}],"curies":[{"name":"wp","href":"https:\/\/api.w.org\/{rel}","templated":true}]}}