{"id":5809,"date":"2026-03-12T11:51:02","date_gmt":"2026-03-12T10:51:02","guid":{"rendered":"https:\/\/xprosec.pl\/?post_type=product&#038;p=5809"},"modified":"2026-03-12T11:53:03","modified_gmt":"2026-03-12T10:53:03","slug":"dwc-mv9junc","status":"publish","type":"product","link":"https:\/\/xprosec.pl\/en\/produkt\/dwc-mv9junc\/","title":{"rendered":"DWC-MV9JUNC"},"content":{"rendered":"<table width=\"453\">\n<tbody>\n<tr>\n<td style=\"font-weight: 400;\" width=\"453\">Puszka \u0142\u0105czeniowa dla kamer kopu\u0142kowych ze sta\u0142ym obiektywem<\/td>\n<\/tr>\n<\/tbody>\n<\/table>\n","protected":false},"excerpt":{"rendered":"<table width=\"453\">\n<tbody>\n<tr>\n<td style=\"font-weight: 400;\" width=\"453\">Puszka \u0142\u0105czeniowa dla kamer kopu\u0142kowych ze sta\u0142ym obiektywem<\/td>\n<\/tr>\n<\/tbody>\n<\/table>\n","protected":false},"featured_media":5812,"template":"","meta":{"_mi_skip_tracking":false},"product_cat":[242,45],"product_tag":[],"class_list":["post-5809","product","type-product","status-publish","has-post-thumbnail","hentry","product_cat-akcesoria-cctv","product_cat-cctv","pa_producent-digital-watchdog"],"aioseo_notices":[],"_links":{"self":[{"href":"https:\/\/xprosec.pl\/en\/wp-json\/wp\/v2\/product\/5809","targetHints":{"allow":["GET"]}}],"collection":[{"href":"https:\/\/xprosec.pl\/en\/wp-json\/wp\/v2\/product"}],"about":[{"href":"https:\/\/xprosec.pl\/en\/wp-json\/wp\/v2\/types\/product"}],"version-history":[{"count":1,"href":"https:\/\/xprosec.pl\/en\/wp-json\/wp\/v2\/product\/5809\/revisions"}],"predecessor-version":[{"id":5814,"href":"https:\/\/xprosec.pl\/en\/wp-json\/wp\/v2\/product\/5809\/revisions\/5814"}],"wp:featuredmedia":[{"embeddable":true,"href":"https:\/\/xprosec.pl\/en\/wp-json\/wp\/v2\/media\/5812"}],"wp:attachment":[{"href":"https:\/\/xprosec.pl\/en\/wp-json\/wp\/v2\/media?parent=5809"}],"wp:term":[{"taxonomy":"product_cat","embeddable":true,"href":"https:\/\/xprosec.pl\/en\/wp-json\/wp\/v2\/product_cat?post=5809"},{"taxonomy":"product_tag","embeddable":true,"href":"https:\/\/xprosec.pl\/en\/wp-json\/wp\/v2\/product_tag?post=5809"}],"curies":[{"name":"wp","href":"https:\/\/api.w.org\/{rel}","templated":true}]}}