{"id":5766,"date":"2026-03-12T11:22:27","date_gmt":"2026-03-12T10:22:27","guid":{"rendered":"https:\/\/xprosec.pl\/?post_type=product&#038;p=5766"},"modified":"2026-03-12T11:24:26","modified_gmt":"2026-03-12T10:24:26","slug":"dwc-mt9cmj","status":"publish","type":"product","link":"https:\/\/xprosec.pl\/en\/produkt\/dwc-mt9cmj\/","title":{"rendered":"DWC-MT9CMJ"},"content":{"rendered":"<table width=\"453\">\n<tbody>\n<tr>\n<td style=\"font-weight: 400;\" width=\"453\">Uchwyt sufitowy z puszk\u0105 monta\u017cow\u0105 dla kamer turret ze sta\u0142ym obiektywem<\/td>\n<\/tr>\n<\/tbody>\n<\/table>\n","protected":false},"excerpt":{"rendered":"<table width=\"453\">\n<tbody>\n<tr>\n<td style=\"font-weight: 400;\" width=\"453\">Uchwyt sufitowy z puszk\u0105 monta\u017cow\u0105 dla kamer turret ze sta\u0142ym obiektywem<\/td>\n<\/tr>\n<\/tbody>\n<\/table>\n","protected":false},"featured_media":5769,"template":"","meta":{"_mi_skip_tracking":false},"product_cat":[242,45],"product_tag":[],"class_list":["post-5766","product","type-product","status-publish","has-post-thumbnail","hentry","product_cat-akcesoria-cctv","product_cat-cctv","pa_producent-digital-watchdog"],"aioseo_notices":[],"_links":{"self":[{"href":"https:\/\/xprosec.pl\/en\/wp-json\/wp\/v2\/product\/5766","targetHints":{"allow":["GET"]}}],"collection":[{"href":"https:\/\/xprosec.pl\/en\/wp-json\/wp\/v2\/product"}],"about":[{"href":"https:\/\/xprosec.pl\/en\/wp-json\/wp\/v2\/types\/product"}],"version-history":[{"count":1,"href":"https:\/\/xprosec.pl\/en\/wp-json\/wp\/v2\/product\/5766\/revisions"}],"predecessor-version":[{"id":5771,"href":"https:\/\/xprosec.pl\/en\/wp-json\/wp\/v2\/product\/5766\/revisions\/5771"}],"wp:featuredmedia":[{"embeddable":true,"href":"https:\/\/xprosec.pl\/en\/wp-json\/wp\/v2\/media\/5769"}],"wp:attachment":[{"href":"https:\/\/xprosec.pl\/en\/wp-json\/wp\/v2\/media?parent=5766"}],"wp:term":[{"taxonomy":"product_cat","embeddable":true,"href":"https:\/\/xprosec.pl\/en\/wp-json\/wp\/v2\/product_cat?post=5766"},{"taxonomy":"product_tag","embeddable":true,"href":"https:\/\/xprosec.pl\/en\/wp-json\/wp\/v2\/product_tag?post=5766"}],"curies":[{"name":"wp","href":"https:\/\/api.w.org\/{rel}","templated":true}]}}