{"id":5710,"date":"2026-03-12T10:38:41","date_gmt":"2026-03-12T09:38:41","guid":{"rendered":"https:\/\/xprosec.pl\/?post_type=product&#038;p=5710"},"modified":"2026-03-12T10:41:57","modified_gmt":"2026-03-12T09:41:57","slug":"dwc-djssld","status":"publish","type":"product","link":"https:\/\/xprosec.pl\/en\/produkt\/dwc-djssld\/","title":{"rendered":"DWC-DJSSLD"},"content":{"rendered":"<table width=\"453\">\n<tbody>\n<tr>\n<td style=\"font-weight: 400;\" width=\"453\">Os\u0142ona przeciws\u0142oneczna dla kamer kopu\u0142kowych<\/td>\n<\/tr>\n<\/tbody>\n<\/table>\n","protected":false},"excerpt":{"rendered":"<table width=\"453\">\n<tbody>\n<tr>\n<td style=\"font-weight: 400;\" width=\"453\">Os\u0142ona przeciws\u0142oneczna dla kamer kopu\u0142kowych<\/td>\n<\/tr>\n<\/tbody>\n<\/table>\n","protected":false},"featured_media":5713,"template":"","meta":{"_mi_skip_tracking":false},"product_cat":[242,45],"product_tag":[],"class_list":["post-5710","product","type-product","status-publish","has-post-thumbnail","hentry","product_cat-akcesoria-cctv","product_cat-cctv","pa_producent-digital-watchdog"],"aioseo_notices":[],"_links":{"self":[{"href":"https:\/\/xprosec.pl\/en\/wp-json\/wp\/v2\/product\/5710","targetHints":{"allow":["GET"]}}],"collection":[{"href":"https:\/\/xprosec.pl\/en\/wp-json\/wp\/v2\/product"}],"about":[{"href":"https:\/\/xprosec.pl\/en\/wp-json\/wp\/v2\/types\/product"}],"version-history":[{"count":1,"href":"https:\/\/xprosec.pl\/en\/wp-json\/wp\/v2\/product\/5710\/revisions"}],"predecessor-version":[{"id":5717,"href":"https:\/\/xprosec.pl\/en\/wp-json\/wp\/v2\/product\/5710\/revisions\/5717"}],"wp:featuredmedia":[{"embeddable":true,"href":"https:\/\/xprosec.pl\/en\/wp-json\/wp\/v2\/media\/5713"}],"wp:attachment":[{"href":"https:\/\/xprosec.pl\/en\/wp-json\/wp\/v2\/media?parent=5710"}],"wp:term":[{"taxonomy":"product_cat","embeddable":true,"href":"https:\/\/xprosec.pl\/en\/wp-json\/wp\/v2\/product_cat?post=5710"},{"taxonomy":"product_tag","embeddable":true,"href":"https:\/\/xprosec.pl\/en\/wp-json\/wp\/v2\/product_tag?post=5710"}],"curies":[{"name":"wp","href":"https:\/\/api.w.org\/{rel}","templated":true}]}}