{"id":5635,"date":"2026-03-11T14:15:46","date_gmt":"2026-03-11T13:15:46","guid":{"rendered":"https:\/\/xprosec.pl\/?post_type=product&#038;p=5635"},"modified":"2026-03-11T14:18:43","modified_gmt":"2026-03-11T13:18:43","slug":"dwc-intcam02","status":"publish","type":"product","link":"https:\/\/xprosec.pl\/en\/produkt\/dwc-intcam02\/","title":{"rendered":"DWC-INTCAM02"},"content":{"rendered":"<table width=\"834\">\n<tbody>\n<tr>\n<td style=\"font-weight: 400;\" width=\"834\">Kamera MEGApix Intercam 2.1MP, Stacja wideodomofonowa, True WDR 120dB, obiektyw 2.3mm szerokok\u0105tny, Smart IR\u2122 do 3m, \u015awiat\u0142o bia\u0142e do 1m, IN\/OUT:1 wyj\u015bcie do zamka, audio: wbudowany mikrofon i g\u0142o\u015bnik, analityka Detekcja osoby, IP65, Smart DNR\u2122 3D, AGC, True D&amp;N, De-Fog\u2122, BLC, AWB, slot na kart\u0119 pami\u0119ci Micro SD\/SDHC\/SDXC, OnVIF, os\u0142ona przeciws\u0142oneczna, NDAA, gwarancja 5 lat<\/td>\n<\/tr>\n<\/tbody>\n<\/table>\n<p>&nbsp;<\/p>\n<p>&nbsp;<\/p>\n","protected":false},"excerpt":{"rendered":"<table width=\"834\">\n<tbody>\n<tr>\n<td style=\"font-weight: 400;\" width=\"834\">Kamera MEGApix Intercam 2.1MP, Stacja wideodomofonowa, True WDR 120dB, obiektyw 2.3mm szerokok\u0105tny, Smart IR\u2122 do 3m, \u015awiat\u0142o bia\u0142e do 1m, IN\/OUT:1 wyj\u015bcie do zamka, audio: wbudowany mikrofon i g\u0142o\u015bnik, analityka Detekcja osoby, IP65, Smart DNR\u2122 3D, AGC, True D&amp;N, De-Fog\u2122, BLC, AWB, slot na kart\u0119 pami\u0119ci Micro SD\/SDHC\/SDXC, OnVIF, os\u0142ona przeciws\u0142oneczna, NDAA, gwarancja 5 lat<\/td>\n<\/tr>\n<\/tbody>\n<\/table>\n","protected":false},"featured_media":5638,"template":"","meta":{"_mi_skip_tracking":false},"product_cat":[45,57],"product_tag":[],"class_list":["post-5635","product","type-product","status-publish","has-post-thumbnail","hentry","product_cat-cctv","product_cat-kamery","pa_producent-digital-watchdog"],"aioseo_notices":[],"_links":{"self":[{"href":"https:\/\/xprosec.pl\/en\/wp-json\/wp\/v2\/product\/5635","targetHints":{"allow":["GET"]}}],"collection":[{"href":"https:\/\/xprosec.pl\/en\/wp-json\/wp\/v2\/product"}],"about":[{"href":"https:\/\/xprosec.pl\/en\/wp-json\/wp\/v2\/types\/product"}],"version-history":[{"count":1,"href":"https:\/\/xprosec.pl\/en\/wp-json\/wp\/v2\/product\/5635\/revisions"}],"predecessor-version":[{"id":5640,"href":"https:\/\/xprosec.pl\/en\/wp-json\/wp\/v2\/product\/5635\/revisions\/5640"}],"wp:featuredmedia":[{"embeddable":true,"href":"https:\/\/xprosec.pl\/en\/wp-json\/wp\/v2\/media\/5638"}],"wp:attachment":[{"href":"https:\/\/xprosec.pl\/en\/wp-json\/wp\/v2\/media?parent=5635"}],"wp:term":[{"taxonomy":"product_cat","embeddable":true,"href":"https:\/\/xprosec.pl\/en\/wp-json\/wp\/v2\/product_cat?post=5635"},{"taxonomy":"product_tag","embeddable":true,"href":"https:\/\/xprosec.pl\/en\/wp-json\/wp\/v2\/product_tag?post=5635"}],"curies":[{"name":"wp","href":"https:\/\/api.w.org\/{rel}","templated":true}]}}