{"id":5621,"date":"2026-03-11T14:06:21","date_gmt":"2026-03-11T13:06:21","guid":{"rendered":"https:\/\/xprosec.pl\/?post_type=product&#038;p=5621"},"modified":"2026-03-11T14:07:16","modified_gmt":"2026-03-11T13:07:16","slug":"dwc-mf5wi8tw","status":"publish","type":"product","link":"https:\/\/xprosec.pl\/en\/produkt\/dwc-mf5wi8tw\/","title":{"rendered":"DWC-MF5Wi8TW"},"content":{"rendered":"<table width=\"834\">\n<tbody>\n<tr>\n<td style=\"font-weight: 400;\" width=\"834\">Kamera MEGApix 5MP, Kopu\u0142ka ultra niski profil, True WDR 120dB, obiektyw 8mm, Smart IR\u2122 do 15m, IN\/OUT:1 we \/ 1 wy, audio: 1 we \/ 1 wy, analityka IVA, IP66, IK10, StarLight Plus\u2122, Smart DNR\u2122 3D, AGC, True D&amp;N, De-Fog\u2122, BLC, AWB, lustro\/obr\u00f3t, slot na kart\u0119 pami\u0119ci Micro SD\/SDHC\/SDXC, OnVIF, NDAA, gwarancja 5 lat<\/td>\n<\/tr>\n<\/tbody>\n<\/table>\n<p>&nbsp;<\/p>\n<p>&nbsp;<\/p>\n<p>&nbsp;<\/p>\n","protected":false},"excerpt":{"rendered":"<table width=\"834\">\n<tbody>\n<tr>\n<td style=\"font-weight: 400;\" width=\"834\">Kamera MEGApix 5MP, Kopu\u0142ka ultra niski profil, True WDR 120dB, obiektyw 8mm, Smart IR\u2122 do 15m, IN\/OUT:1 we \/ 1 wy, audio: 1 we \/ 1 wy, analityka IVA, IP66, IK10, StarLight Plus\u2122, Smart DNR\u2122 3D, AGC, True D&amp;N, De-Fog\u2122, BLC, AWB, lustro\/obr\u00f3t, slot na kart\u0119 pami\u0119ci Micro SD\/SDHC\/SDXC, OnVIF, NDAA, gwarancja 5 lat<\/td>\n<\/tr>\n<\/tbody>\n<\/table>\n","protected":false},"featured_media":5616,"template":"","meta":{"_mi_skip_tracking":false},"product_cat":[45,57],"product_tag":[],"class_list":["post-5621","product","type-product","status-publish","has-post-thumbnail","hentry","product_cat-cctv","product_cat-kamery","pa_producent-digital-watchdog"],"aioseo_notices":[],"_links":{"self":[{"href":"https:\/\/xprosec.pl\/en\/wp-json\/wp\/v2\/product\/5621","targetHints":{"allow":["GET"]}}],"collection":[{"href":"https:\/\/xprosec.pl\/en\/wp-json\/wp\/v2\/product"}],"about":[{"href":"https:\/\/xprosec.pl\/en\/wp-json\/wp\/v2\/types\/product"}],"version-history":[{"count":1,"href":"https:\/\/xprosec.pl\/en\/wp-json\/wp\/v2\/product\/5621\/revisions"}],"predecessor-version":[{"id":5622,"href":"https:\/\/xprosec.pl\/en\/wp-json\/wp\/v2\/product\/5621\/revisions\/5622"}],"wp:featuredmedia":[{"embeddable":true,"href":"https:\/\/xprosec.pl\/en\/wp-json\/wp\/v2\/media\/5616"}],"wp:attachment":[{"href":"https:\/\/xprosec.pl\/en\/wp-json\/wp\/v2\/media?parent=5621"}],"wp:term":[{"taxonomy":"product_cat","embeddable":true,"href":"https:\/\/xprosec.pl\/en\/wp-json\/wp\/v2\/product_cat?post=5621"},{"taxonomy":"product_tag","embeddable":true,"href":"https:\/\/xprosec.pl\/en\/wp-json\/wp\/v2\/product_tag?post=5621"}],"curies":[{"name":"wp","href":"https:\/\/api.w.org\/{rel}","templated":true}]}}