{"id":5536,"date":"2026-03-11T12:57:52","date_gmt":"2026-03-11T11:57:52","guid":{"rendered":"https:\/\/xprosec.pl\/?post_type=product&#038;p=5536"},"modified":"2026-03-11T13:00:35","modified_gmt":"2026-03-11T12:00:35","slug":"dwc-xstd05mf","status":"publish","type":"product","link":"https:\/\/xprosec.pl\/en\/produkt\/dwc-xstd05mf\/","title":{"rendered":"DWC-XSTD05MF"},"content":{"rendered":"<table width=\"834\">\n<tbody>\n<tr>\n<td style=\"font-weight: 400;\" width=\"834\">Kamera MEGApix Ai 5MP, Kula, True WDR 120dB, obiektyw 2.7 &#8211; 12mm autofocus P-Iris, do\u015bwietlacz \u015bwiat\u0142a bia\u0142ego do 30m, czerwony\/niebieski LED, analityka Ai Deep Learning z aktywnym odstraszaniem (\u015bwiat\u0142o\/d\u017awi\u0119k), IP67, IK10, StarLight Plus\u2122, Smart DNR\u2122 3D, AGC, True D&amp;N, De-Fog\u2122, BLC, AWB, lustro\/obr\u00f3t, slot na kart\u0119 pami\u0119ci Micro SD\/SDHC\/SDXC, OnVIF, NDAA\/TAA, gwarancja 5 lat<\/td>\n<\/tr>\n<\/tbody>\n<\/table>\n<p>&nbsp;<\/p>\n<p>&nbsp;<\/p>\n","protected":false},"excerpt":{"rendered":"<table width=\"834\">\n<tbody>\n<tr>\n<td style=\"font-weight: 400;\" width=\"834\">Kamera MEGApix Ai 5MP, Kula, True WDR 120dB, obiektyw 2.7 &#8211; 12mm autofocus P-Iris, do\u015bwietlacz \u015bwiat\u0142a bia\u0142ego do 30m, czerwony\/niebieski LED, analityka Ai Deep Learning z aktywnym odstraszaniem (\u015bwiat\u0142o\/d\u017awi\u0119k), IP67, IK10, StarLight Plus\u2122, Smart DNR\u2122 3D, AGC, True D&amp;N, De-Fog\u2122, BLC, AWB, lustro\/obr\u00f3t, slot na kart\u0119 pami\u0119ci Micro SD\/SDHC\/SDXC, OnVIF, NDAA\/TAA, gwarancja 5 lat<\/td>\n<\/tr>\n<\/tbody>\n<\/table>\n","protected":false},"featured_media":5539,"template":"","meta":{"_mi_skip_tracking":false},"product_cat":[45,57],"product_tag":[],"class_list":["post-5536","product","type-product","status-publish","has-post-thumbnail","hentry","product_cat-cctv","product_cat-kamery","pa_producent-digital-watchdog"],"aioseo_notices":[],"_links":{"self":[{"href":"https:\/\/xprosec.pl\/en\/wp-json\/wp\/v2\/product\/5536","targetHints":{"allow":["GET"]}}],"collection":[{"href":"https:\/\/xprosec.pl\/en\/wp-json\/wp\/v2\/product"}],"about":[{"href":"https:\/\/xprosec.pl\/en\/wp-json\/wp\/v2\/types\/product"}],"version-history":[{"count":1,"href":"https:\/\/xprosec.pl\/en\/wp-json\/wp\/v2\/product\/5536\/revisions"}],"predecessor-version":[{"id":5541,"href":"https:\/\/xprosec.pl\/en\/wp-json\/wp\/v2\/product\/5536\/revisions\/5541"}],"wp:featuredmedia":[{"embeddable":true,"href":"https:\/\/xprosec.pl\/en\/wp-json\/wp\/v2\/media\/5539"}],"wp:attachment":[{"href":"https:\/\/xprosec.pl\/en\/wp-json\/wp\/v2\/media?parent=5536"}],"wp:term":[{"taxonomy":"product_cat","embeddable":true,"href":"https:\/\/xprosec.pl\/en\/wp-json\/wp\/v2\/product_cat?post=5536"},{"taxonomy":"product_tag","embeddable":true,"href":"https:\/\/xprosec.pl\/en\/wp-json\/wp\/v2\/product_tag?post=5536"}],"curies":[{"name":"wp","href":"https:\/\/api.w.org\/{rel}","templated":true}]}}