{"id":5462,"date":"2026-03-11T11:43:57","date_gmt":"2026-03-11T10:43:57","guid":{"rendered":"https:\/\/xprosec.pl\/?post_type=product&#038;p=5462"},"modified":"2026-03-11T11:47:03","modified_gmt":"2026-03-11T10:47:03","slug":"dwc-vsdg04mi","status":"publish","type":"product","link":"https:\/\/xprosec.pl\/en\/produkt\/dwc-vsdg04mi\/","title":{"rendered":"DWC-VSDG04Mi"},"content":{"rendered":"<table width=\"834\">\n<tbody>\n<tr>\n<td style=\"font-weight: 400;\" width=\"834\">Kamera MEGApix V-Class 4MP, Kopu\u0142ka, True WDR 120dB, obiektyw 2.8mm &#8211; 12mm autofocus, Smart IR\u2122 do 50m, audio: 1 we + wbudowany mikrofon, analityka podstawowa, IP67, IK10, Smart DNR\u2122 3D, AGC, True D&amp;N, De-Fog\u2122, BLC, AWB, lustro\/obr\u00f3t, slot na kart\u0119 pami\u0119ci Micro SD\/SDHC\/SDXC, OnVIF, NDAA, gwarancja 5 lat<\/td>\n<\/tr>\n<\/tbody>\n<\/table>\n<p>&nbsp;<\/p>\n<p>&nbsp;<\/p>\n","protected":false},"excerpt":{"rendered":"<table width=\"834\">\n<tbody>\n<tr>\n<td style=\"font-weight: 400;\" width=\"834\">Kamera MEGApix V-Class 4MP, Kopu\u0142ka, True WDR 120dB, obiektyw 2.8mm &#8211; 12mm autofocus, Smart IR\u2122 do 50m, audio: 1 we + wbudowany mikrofon, analityka podstawowa, IP67, IK10, Smart DNR\u2122 3D, AGC, True D&amp;N, De-Fog\u2122, BLC, AWB, lustro\/obr\u00f3t, slot na kart\u0119 pami\u0119ci Micro SD\/SDHC\/SDXC, OnVIF, NDAA, gwarancja 5 lat<\/td>\n<\/tr>\n<\/tbody>\n<\/table>\n","protected":false},"featured_media":5465,"template":"","meta":{"_mi_skip_tracking":false},"product_cat":[45,57],"product_tag":[],"class_list":["post-5462","product","type-product","status-publish","has-post-thumbnail","hentry","product_cat-cctv","product_cat-kamery","pa_producent-digital-watchdog"],"aioseo_notices":[],"_links":{"self":[{"href":"https:\/\/xprosec.pl\/en\/wp-json\/wp\/v2\/product\/5462","targetHints":{"allow":["GET"]}}],"collection":[{"href":"https:\/\/xprosec.pl\/en\/wp-json\/wp\/v2\/product"}],"about":[{"href":"https:\/\/xprosec.pl\/en\/wp-json\/wp\/v2\/types\/product"}],"version-history":[{"count":1,"href":"https:\/\/xprosec.pl\/en\/wp-json\/wp\/v2\/product\/5462\/revisions"}],"predecessor-version":[{"id":5467,"href":"https:\/\/xprosec.pl\/en\/wp-json\/wp\/v2\/product\/5462\/revisions\/5467"}],"wp:featuredmedia":[{"embeddable":true,"href":"https:\/\/xprosec.pl\/en\/wp-json\/wp\/v2\/media\/5465"}],"wp:attachment":[{"href":"https:\/\/xprosec.pl\/en\/wp-json\/wp\/v2\/media?parent=5462"}],"wp:term":[{"taxonomy":"product_cat","embeddable":true,"href":"https:\/\/xprosec.pl\/en\/wp-json\/wp\/v2\/product_cat?post=5462"},{"taxonomy":"product_tag","embeddable":true,"href":"https:\/\/xprosec.pl\/en\/wp-json\/wp\/v2\/product_tag?post=5462"}],"curies":[{"name":"wp","href":"https:\/\/api.w.org\/{rel}","templated":true}]}}