{"id":5444,"date":"2026-03-11T11:27:58","date_gmt":"2026-03-11T10:27:58","guid":{"rendered":"https:\/\/xprosec.pl\/?post_type=product&#038;p=5444"},"modified":"2026-03-12T10:31:43","modified_gmt":"2026-03-12T09:31:43","slug":"dwc-b7juncw","status":"publish","type":"product","link":"https:\/\/xprosec.pl\/en\/produkt\/dwc-b7juncw\/","title":{"rendered":"DWC-B7JUNCW"},"content":{"rendered":"<table width=\"453\">\n<tbody>\n<tr>\n<td style=\"font-weight: 400;\" width=\"453\">Puszka \u0142\u0105czeniowa &#8211; bia\u0142a<\/td>\n<\/tr>\n<\/tbody>\n<\/table>\n","protected":false},"excerpt":{"rendered":"<table width=\"453\">\n<tbody>\n<tr>\n<td style=\"font-weight: 400;\" width=\"453\">Puszka \u0142\u0105czeniowa &#8211; bia\u0142a<\/td>\n<\/tr>\n<\/tbody>\n<\/table>\n","protected":false},"featured_media":5450,"template":"","meta":{"_mi_skip_tracking":false},"product_cat":[242,45],"product_tag":[],"class_list":["post-5444","product","type-product","status-publish","has-post-thumbnail","hentry","product_cat-akcesoria-cctv","product_cat-cctv","pa_producent-digital-watchdog"],"aioseo_notices":[],"_links":{"self":[{"href":"https:\/\/xprosec.pl\/en\/wp-json\/wp\/v2\/product\/5444","targetHints":{"allow":["GET"]}}],"collection":[{"href":"https:\/\/xprosec.pl\/en\/wp-json\/wp\/v2\/product"}],"about":[{"href":"https:\/\/xprosec.pl\/en\/wp-json\/wp\/v2\/types\/product"}],"version-history":[{"count":2,"href":"https:\/\/xprosec.pl\/en\/wp-json\/wp\/v2\/product\/5444\/revisions"}],"predecessor-version":[{"id":5460,"href":"https:\/\/xprosec.pl\/en\/wp-json\/wp\/v2\/product\/5444\/revisions\/5460"}],"wp:featuredmedia":[{"embeddable":true,"href":"https:\/\/xprosec.pl\/en\/wp-json\/wp\/v2\/media\/5450"}],"wp:attachment":[{"href":"https:\/\/xprosec.pl\/en\/wp-json\/wp\/v2\/media?parent=5444"}],"wp:term":[{"taxonomy":"product_cat","embeddable":true,"href":"https:\/\/xprosec.pl\/en\/wp-json\/wp\/v2\/product_cat?post=5444"},{"taxonomy":"product_tag","embeddable":true,"href":"https:\/\/xprosec.pl\/en\/wp-json\/wp\/v2\/product_tag?post=5444"}],"curies":[{"name":"wp","href":"https:\/\/api.w.org\/{rel}","templated":true}]}}