{"id":5381,"date":"2026-03-10T14:25:50","date_gmt":"2026-03-10T13:25:50","guid":{"rendered":"https:\/\/xprosec.pl\/?post_type=product&#038;p=5381"},"modified":"2026-03-10T14:29:15","modified_gmt":"2026-03-10T13:29:15","slug":"dwc-pvx20watx","status":"publish","type":"product","link":"https:\/\/xprosec.pl\/en\/produkt\/dwc-pvx20watx\/","title":{"rendered":"DWC-PVX20WATX"},"content":{"rendered":"<table width=\"834\">\n<tbody>\n<tr>\n<td style=\"font-weight: 400;\" width=\"834\">Kamera MEGApix Flex 5MP x 4 (20MP), Panoramiczna 360\u00b0, True WDR 120dB, obiektyw 2.8 &#8211; 8mm autofocus (x4), IN\/OUT:1 we \/ 1 wy, audio: 1 we \/ 1 wy, analityka IVA, IP67, IK10, StarLight Plus\u2122, Smart DNR\u2122 3D, AGC, True D&amp;N, De-Fog\u2122, BLC, AWB, lustro\/obr\u00f3t, slot na kart\u0119 pami\u0119ci Micro SD\/SDHC\/SDXC, OnVIF, w komplecie injector PoE, NDAA\/TAA, gwarancja 5 lat<\/td>\n<\/tr>\n<\/tbody>\n<\/table>\n<p>&nbsp;<\/p>\n<p>&nbsp;<\/p>\n<p>&nbsp;<\/p>\n","protected":false},"excerpt":{"rendered":"<table width=\"834\">\n<tbody>\n<tr>\n<td style=\"font-weight: 400;\" width=\"834\">Kamera MEGApix Flex 5MP x 4 (20MP), Panoramiczna 360\u00b0, True WDR 120dB, obiektyw 2.8 &#8211; 8mm autofocus (x4), IN\/OUT:1 we \/ 1 wy, audio: 1 we \/ 1 wy, analityka IVA, IP67, IK10, StarLight Plus\u2122, Smart DNR\u2122 3D, AGC, True D&amp;N, De-Fog\u2122, BLC, AWB, lustro\/obr\u00f3t, slot na kart\u0119 pami\u0119ci Micro SD\/SDHC\/SDXC, OnVIF, w komplecie injector PoE, NDAA\/TAA, gwarancja 5 lat<\/td>\n<\/tr>\n<\/tbody>\n<\/table>\n","protected":false},"featured_media":5382,"template":"","meta":{"_mi_skip_tracking":false},"product_cat":[45,57],"product_tag":[],"class_list":["post-5381","product","type-product","status-publish","has-post-thumbnail","hentry","product_cat-cctv","product_cat-kamery","pa_producent-digital-watchdog"],"aioseo_notices":[],"_links":{"self":[{"href":"https:\/\/xprosec.pl\/en\/wp-json\/wp\/v2\/product\/5381","targetHints":{"allow":["GET"]}}],"collection":[{"href":"https:\/\/xprosec.pl\/en\/wp-json\/wp\/v2\/product"}],"about":[{"href":"https:\/\/xprosec.pl\/en\/wp-json\/wp\/v2\/types\/product"}],"version-history":[{"count":1,"href":"https:\/\/xprosec.pl\/en\/wp-json\/wp\/v2\/product\/5381\/revisions"}],"predecessor-version":[{"id":5386,"href":"https:\/\/xprosec.pl\/en\/wp-json\/wp\/v2\/product\/5381\/revisions\/5386"}],"wp:featuredmedia":[{"embeddable":true,"href":"https:\/\/xprosec.pl\/en\/wp-json\/wp\/v2\/media\/5382"}],"wp:attachment":[{"href":"https:\/\/xprosec.pl\/en\/wp-json\/wp\/v2\/media?parent=5381"}],"wp:term":[{"taxonomy":"product_cat","embeddable":true,"href":"https:\/\/xprosec.pl\/en\/wp-json\/wp\/v2\/product_cat?post=5381"},{"taxonomy":"product_tag","embeddable":true,"href":"https:\/\/xprosec.pl\/en\/wp-json\/wp\/v2\/product_tag?post=5381"}],"curies":[{"name":"wp","href":"https:\/\/api.w.org\/{rel}","templated":true}]}}