{"id":5367,"date":"2026-03-10T14:07:55","date_gmt":"2026-03-10T13:07:55","guid":{"rendered":"https:\/\/xprosec.pl\/?post_type=product&#038;p=5367"},"modified":"2026-03-10T14:21:30","modified_gmt":"2026-03-10T13:21:30","slug":"dwc-mvc8wiatw","status":"publish","type":"product","link":"https:\/\/xprosec.pl\/en\/produkt\/dwc-mvc8wiatw\/","title":{"rendered":"DWC-MVC8WiATW"},"content":{"rendered":"<table width=\"834\">\n<tbody>\n<tr>\n<td style=\"font-weight: 400;\" width=\"834\">Kamera MEGApix 4K, Kopu\u0142ka niski profil, True WDR 120dB, obiektyw 2.7 &#8211; 13.5mm autofocus P-Iris, Smart IR\u2122 do 30m, IN\/OUT:1 we \/ 1 wy, audio: 1 we \/ 1 wy, analityka IVA, IP67, IK10, StarLight Plus\u2122, Smart DNR\u2122 3D, AGC, True D&amp;N, De-Fog\u2122, BLC, AWB, CleanView\u2122, lustro\/obr\u00f3t, slot na kart\u0119 pami\u0119ci Micro SD\/SDHC\/SDXC, OnVIF, NDAA, gwarancja 5 lat<\/td>\n<\/tr>\n<\/tbody>\n<\/table>\n<p>&nbsp;<\/p>\n<p>&nbsp;<\/p>\n","protected":false},"excerpt":{"rendered":"<table width=\"834\">\n<tbody>\n<tr>\n<td style=\"font-weight: 400;\" width=\"834\">Kamera MEGApix 4K, Kopu\u0142ka niski profil, True WDR 120dB, obiektyw 2.7 &#8211; 13.5mm autofocus P-Iris, Smart IR\u2122 do 30m, IN\/OUT:1 we \/ 1 wy, audio: 1 we \/ 1 wy, analityka IVA, IP67, IK10, StarLight Plus\u2122, Smart DNR\u2122 3D, AGC, True D&amp;N, De-Fog\u2122, BLC, AWB, CleanView\u2122, lustro\/obr\u00f3t, slot na kart\u0119 pami\u0119ci Micro SD\/SDHC\/SDXC, OnVIF, NDAA, gwarancja 5 lat<\/td>\n<\/tr>\n<\/tbody>\n<\/table>\n","protected":false},"featured_media":5370,"template":"","meta":{"_mi_skip_tracking":false},"product_cat":[45,57],"product_tag":[],"class_list":["post-5367","product","type-product","status-publish","has-post-thumbnail","hentry","product_cat-cctv","product_cat-kamery","pa_producent-digital-watchdog"],"aioseo_notices":[],"_links":{"self":[{"href":"https:\/\/xprosec.pl\/en\/wp-json\/wp\/v2\/product\/5367","targetHints":{"allow":["GET"]}}],"collection":[{"href":"https:\/\/xprosec.pl\/en\/wp-json\/wp\/v2\/product"}],"about":[{"href":"https:\/\/xprosec.pl\/en\/wp-json\/wp\/v2\/types\/product"}],"version-history":[{"count":1,"href":"https:\/\/xprosec.pl\/en\/wp-json\/wp\/v2\/product\/5367\/revisions"}],"predecessor-version":[{"id":5372,"href":"https:\/\/xprosec.pl\/en\/wp-json\/wp\/v2\/product\/5367\/revisions\/5372"}],"wp:featuredmedia":[{"embeddable":true,"href":"https:\/\/xprosec.pl\/en\/wp-json\/wp\/v2\/media\/5370"}],"wp:attachment":[{"href":"https:\/\/xprosec.pl\/en\/wp-json\/wp\/v2\/media?parent=5367"}],"wp:term":[{"taxonomy":"product_cat","embeddable":true,"href":"https:\/\/xprosec.pl\/en\/wp-json\/wp\/v2\/product_cat?post=5367"},{"taxonomy":"product_tag","embeddable":true,"href":"https:\/\/xprosec.pl\/en\/wp-json\/wp\/v2\/product_tag?post=5367"}],"curies":[{"name":"wp","href":"https:\/\/api.w.org\/{rel}","templated":true}]}}