{"id":5355,"date":"2026-03-10T13:58:32","date_gmt":"2026-03-10T12:58:32","guid":{"rendered":"https:\/\/xprosec.pl\/?post_type=product&#038;p=5355"},"modified":"2026-03-10T14:22:52","modified_gmt":"2026-03-10T13:22:52","slug":"dwc-xsdh05mi","status":"publish","type":"product","link":"https:\/\/xprosec.pl\/en\/produkt\/dwc-xsdh05mi\/","title":{"rendered":"DWC-XSDH05Mi"},"content":{"rendered":"<table width=\"834\">\n<tbody>\n<tr>\n<td style=\"font-weight: 400;\" width=\"834\">Kamera MEGApix Ai 5MP, Kopu\u0142ka niski profil, True WDR 120dB, obiektyw 2.7 &#8211; 13.5mm autofocus P-Iris, Smart IR\u2122 do 30m, IN\/OUT:1 we \/ 1 wy, audio: wbudowany mikrofon \/ 1 wy, analityka Ai Deep Learning, IP67, IK10, StarLight Plus\u2122, Smart DNR\u2122 3D, AGC, True D&amp;N, De-Fog\u2122, BLC, AWB, lustro\/obr\u00f3t, slot na kart\u0119 pami\u0119ci Micro SD\/SDHC\/SDXC, OnVIF, NDAA\/TAA, gwarancja 5 lat<\/td>\n<\/tr>\n<\/tbody>\n<\/table>\n<p>&nbsp;<\/p>\n<p>&nbsp;<\/p>\n<p>&nbsp;<\/p>\n","protected":false},"excerpt":{"rendered":"<table width=\"834\">\n<tbody>\n<tr>\n<td style=\"font-weight: 400;\" width=\"834\">Kamera MEGApix Ai 5MP, Kopu\u0142ka niski profil, True WDR 120dB, obiektyw 2.7 &#8211; 13.5mm autofocus P-Iris, Smart IR\u2122 do 30m, IN\/OUT:1 we \/ 1 wy, audio: wbudowany mikrofon \/ 1 wy, analityka Ai Deep Learning, IP67, IK10, StarLight Plus\u2122, Smart DNR\u2122 3D, AGC, True D&amp;N, De-Fog\u2122, BLC, AWB, lustro\/obr\u00f3t, slot na kart\u0119 pami\u0119ci Micro SD\/SDHC\/SDXC, OnVIF, NDAA\/TAA, gwarancja 5 lat<\/td>\n<\/tr>\n<\/tbody>\n<\/table>\n","protected":false},"featured_media":5356,"template":"","meta":{"_mi_skip_tracking":false},"product_cat":[45,57],"product_tag":[],"class_list":["post-5355","product","type-product","status-publish","has-post-thumbnail","hentry","product_cat-cctv","product_cat-kamery","pa_producent-digital-watchdog"],"aioseo_notices":[],"_links":{"self":[{"href":"https:\/\/xprosec.pl\/en\/wp-json\/wp\/v2\/product\/5355","targetHints":{"allow":["GET"]}}],"collection":[{"href":"https:\/\/xprosec.pl\/en\/wp-json\/wp\/v2\/product"}],"about":[{"href":"https:\/\/xprosec.pl\/en\/wp-json\/wp\/v2\/types\/product"}],"version-history":[{"count":1,"href":"https:\/\/xprosec.pl\/en\/wp-json\/wp\/v2\/product\/5355\/revisions"}],"predecessor-version":[{"id":5360,"href":"https:\/\/xprosec.pl\/en\/wp-json\/wp\/v2\/product\/5355\/revisions\/5360"}],"wp:featuredmedia":[{"embeddable":true,"href":"https:\/\/xprosec.pl\/en\/wp-json\/wp\/v2\/media\/5356"}],"wp:attachment":[{"href":"https:\/\/xprosec.pl\/en\/wp-json\/wp\/v2\/media?parent=5355"}],"wp:term":[{"taxonomy":"product_cat","embeddable":true,"href":"https:\/\/xprosec.pl\/en\/wp-json\/wp\/v2\/product_cat?post=5355"},{"taxonomy":"product_tag","embeddable":true,"href":"https:\/\/xprosec.pl\/en\/wp-json\/wp\/v2\/product_tag?post=5355"}],"curies":[{"name":"wp","href":"https:\/\/api.w.org\/{rel}","templated":true}]}}