{"id":5337,"date":"2026-03-10T13:39:28","date_gmt":"2026-03-10T12:39:28","guid":{"rendered":"https:\/\/xprosec.pl\/?post_type=product&#038;p=5337"},"modified":"2026-03-10T13:42:30","modified_gmt":"2026-03-10T12:42:30","slug":"dwc-xpza03mi","status":"publish","type":"product","link":"https:\/\/xprosec.pl\/en\/produkt\/dwc-xpza03mi\/","title":{"rendered":"DWC-XPZA03Mi"},"content":{"rendered":"<table width=\"834\">\n<tbody>\n<tr>\n<td style=\"font-weight: 400;\" width=\"834\">Kamera MEGApix PTZ 3MP, PTZ, True WDR 120dB, obiektyw 6.5 &#8211; 260mm autofocus P-Iris, zoom optyczny x40, Smart IR\u2122 do 350m, IN\/OUT:4 we \/ 2 wy, audio: 1 we \/ 1 wy, analityka Ai Deep Learning, IP66, IK10, StarLight Plus\u2122, Smart DNR\u2122 3D, AGC, True D&amp;N, De-Fog\u2122, BLC, AWB, stabilizator obrazu DIS, lustro\/obr\u00f3t, slot na kart\u0119 pami\u0119ci Micro SD\/SDHC\/SDXC, OnVIF, NDAA\/TAA, gwarancja 2 lata<\/td>\n<\/tr>\n<\/tbody>\n<\/table>\n","protected":false},"excerpt":{"rendered":"<table width=\"834\">\n<tbody>\n<tr>\n<td style=\"font-weight: 400;\" width=\"834\">Kamera MEGApix PTZ 3MP, PTZ, True WDR 120dB, obiektyw 6.5 &#8211; 260mm autofocus P-Iris, zoom optyczny x40, Smart IR\u2122 do 350m, IN\/OUT:4 we \/ 2 wy, audio: 1 we \/ 1 wy, analityka Ai Deep Learning, IP66, IK10, StarLight Plus\u2122, Smart DNR\u2122 3D, AGC, True D&amp;N, De-Fog\u2122, BLC, AWB, stabilizator obrazu DIS, lustro\/obr\u00f3t, slot na kart\u0119 pami\u0119ci Micro SD\/SDHC\/SDXC, OnVIF, NDAA\/TAA, gwarancja 2 lata<\/td>\n<\/tr>\n<\/tbody>\n<\/table>\n","protected":false},"featured_media":5338,"template":"","meta":{"_mi_skip_tracking":false},"product_cat":[45,57],"product_tag":[],"class_list":["post-5337","product","type-product","status-publish","has-post-thumbnail","hentry","product_cat-cctv","product_cat-kamery","pa_producent-digital-watchdog"],"aioseo_notices":[],"_links":{"self":[{"href":"https:\/\/xprosec.pl\/en\/wp-json\/wp\/v2\/product\/5337","targetHints":{"allow":["GET"]}}],"collection":[{"href":"https:\/\/xprosec.pl\/en\/wp-json\/wp\/v2\/product"}],"about":[{"href":"https:\/\/xprosec.pl\/en\/wp-json\/wp\/v2\/types\/product"}],"version-history":[{"count":1,"href":"https:\/\/xprosec.pl\/en\/wp-json\/wp\/v2\/product\/5337\/revisions"}],"predecessor-version":[{"id":5342,"href":"https:\/\/xprosec.pl\/en\/wp-json\/wp\/v2\/product\/5337\/revisions\/5342"}],"wp:featuredmedia":[{"embeddable":true,"href":"https:\/\/xprosec.pl\/en\/wp-json\/wp\/v2\/media\/5338"}],"wp:attachment":[{"href":"https:\/\/xprosec.pl\/en\/wp-json\/wp\/v2\/media?parent=5337"}],"wp:term":[{"taxonomy":"product_cat","embeddable":true,"href":"https:\/\/xprosec.pl\/en\/wp-json\/wp\/v2\/product_cat?post=5337"},{"taxonomy":"product_tag","embeddable":true,"href":"https:\/\/xprosec.pl\/en\/wp-json\/wp\/v2\/product_tag?post=5337"}],"curies":[{"name":"wp","href":"https:\/\/api.w.org\/{rel}","templated":true}]}}