{"id":5325,"date":"2026-03-10T13:21:13","date_gmt":"2026-03-10T12:21:13","guid":{"rendered":"https:\/\/xprosec.pl\/?post_type=product&#038;p=5325"},"modified":"2026-03-10T13:24:16","modified_gmt":"2026-03-10T12:24:16","slug":"dwc-xsba05lipc1","status":"publish","type":"product","link":"https:\/\/xprosec.pl\/en\/produkt\/dwc-xsba05lipc1\/","title":{"rendered":"DWC-XSBA05LiPC1"},"content":{"rendered":"<table width=\"834\">\n<tbody>\n<tr>\n<td style=\"font-weight: 400;\" width=\"834\">Kamera MEGApix Ai ALPR CaaS (Camera as a System) 5MP, Tubowa, True WDR 120dB, obiektyw 6 &#8211; 50mm autofocus P-Iris, Smart IR\u2122 do 40m, IN\/OUT:1 we \/ 1 wy, audio: 1 we \/ 1 wy, analityka Ai Deep Learning z ALPR i MMC, IP67, IK10, Caas (Camera as a System &#8211; wbudowane oprogramowanie DW SPECTRUM z wbudowan\u0105 pami\u0119ci\u0105 do zapisu 1TB), StarLight Plus\u2122, Zimny Start -40\u00b0C, Smart DNR\u2122 3D, AGC, True D&amp;N, De-Fog\u2122, BLC, AWB, lustro\/obr\u00f3t, OnVIF, zaawansowane funkcje raportowania LPR, NDAA\/TAA, gwarancja 5 lat<\/td>\n<\/tr>\n<\/tbody>\n<\/table>\n","protected":false},"excerpt":{"rendered":"<table width=\"834\">\n<tbody>\n<tr>\n<td style=\"font-weight: 400;\" width=\"834\">Kamera MEGApix Ai ALPR CaaS (Camera as a System) 5MP, Tubowa, True WDR 120dB, obiektyw 6 &#8211; 50mm autofocus P-Iris, Smart IR\u2122 do 40m, IN\/OUT:1 we \/ 1 wy, audio: 1 we \/ 1 wy, analityka Ai Deep Learning z ALPR i MMC, IP67, IK10, Caas (Camera as a System &#8211; wbudowane oprogramowanie DW SPECTRUM z wbudowan\u0105 pami\u0119ci\u0105 do zapisu 1TB), StarLight Plus\u2122, Zimny Start -40\u00b0C, Smart DNR\u2122 3D, AGC, True D&amp;N, De-Fog\u2122, BLC, AWB, lustro\/obr\u00f3t, OnVIF, zaawansowane funkcje raportowania LPR, NDAA\/TAA, gwarancja 5 lat<\/td>\n<\/tr>\n<\/tbody>\n<\/table>\n","protected":false},"featured_media":5326,"template":"","meta":{"_mi_skip_tracking":false},"product_cat":[45,57],"product_tag":[],"class_list":["post-5325","product","type-product","status-publish","has-post-thumbnail","hentry","product_cat-cctv","product_cat-kamery","pa_producent-digital-watchdog"],"aioseo_notices":[],"_links":{"self":[{"href":"https:\/\/xprosec.pl\/en\/wp-json\/wp\/v2\/product\/5325","targetHints":{"allow":["GET"]}}],"collection":[{"href":"https:\/\/xprosec.pl\/en\/wp-json\/wp\/v2\/product"}],"about":[{"href":"https:\/\/xprosec.pl\/en\/wp-json\/wp\/v2\/types\/product"}],"version-history":[{"count":1,"href":"https:\/\/xprosec.pl\/en\/wp-json\/wp\/v2\/product\/5325\/revisions"}],"predecessor-version":[{"id":5330,"href":"https:\/\/xprosec.pl\/en\/wp-json\/wp\/v2\/product\/5325\/revisions\/5330"}],"wp:featuredmedia":[{"embeddable":true,"href":"https:\/\/xprosec.pl\/en\/wp-json\/wp\/v2\/media\/5326"}],"wp:attachment":[{"href":"https:\/\/xprosec.pl\/en\/wp-json\/wp\/v2\/media?parent=5325"}],"wp:term":[{"taxonomy":"product_cat","embeddable":true,"href":"https:\/\/xprosec.pl\/en\/wp-json\/wp\/v2\/product_cat?post=5325"},{"taxonomy":"product_tag","embeddable":true,"href":"https:\/\/xprosec.pl\/en\/wp-json\/wp\/v2\/product_tag?post=5325"}],"curies":[{"name":"wp","href":"https:\/\/api.w.org\/{rel}","templated":true}]}}