{"id":5305,"date":"2026-03-10T13:04:03","date_gmt":"2026-03-10T12:04:03","guid":{"rendered":"https:\/\/xprosec.pl\/?post_type=product&#038;p=5305"},"modified":"2026-03-10T13:09:11","modified_gmt":"2026-03-10T12:09:11","slug":"dwc-xsbf08lif","status":"publish","type":"product","link":"https:\/\/xprosec.pl\/en\/produkt\/dwc-xsbf08lif\/","title":{"rendered":"DWC-XSBF08LiF"},"content":{"rendered":"<table width=\"834\">\n<tbody>\n<tr>\n<td style=\"font-weight: 400;\" width=\"834\">Kamera MEGApix Ai 4K, Tubowa, True WDR 120dB, obiektyw 6 &#8211; 22mm autofocus P-Iris, Smart IR\u2122 do 40m, IN\/OUT:1 we \/ 1 wy, audio: wbudowany mikrofon + 1 we \/ wbudowane g\u0142o\u015bniki 14W, analityka Ai Deep Learning z aktywnym odstraszaniem (\u015bwiat\u0142o bia\u0142y,niebieski, czerwony, zielony\/d\u017awi\u0119k 14W), IP66, IK10, StarLight Plus\u2122, Smart DNR\u2122 3D, AGC, True D&amp;N, De-Fog\u2122, BLC, AWB, lustro\/obr\u00f3t, slot na kart\u0119 pami\u0119ci Micro SD\/SDHC\/SDXC, OnVIF, NDAA\/TAA, gwarancja 5 lat<\/td>\n<\/tr>\n<\/tbody>\n<\/table>\n","protected":false},"excerpt":{"rendered":"<table width=\"834\">\n<tbody>\n<tr>\n<td style=\"font-weight: 400;\" width=\"834\">Kamera MEGApix Ai 4K, Tubowa, True WDR 120dB, obiektyw 6 &#8211; 22mm autofocus P-Iris, Smart IR\u2122 do 40m, IN\/OUT:1 we \/ 1 wy, audio: wbudowany mikrofon + 1 we \/ wbudowane g\u0142o\u015bniki 14W, analityka Ai Deep Learning z aktywnym odstraszaniem (\u015bwiat\u0142o bia\u0142y,niebieski, czerwony, zielony\/d\u017awi\u0119k 14W), IP66, IK10, StarLight Plus\u2122, Smart DNR\u2122 3D, AGC, True D&amp;N, De-Fog\u2122, BLC, AWB, lustro\/obr\u00f3t, slot na kart\u0119 pami\u0119ci Micro SD\/SDHC\/SDXC, OnVIF, NDAA\/TAA, gwarancja 5 lat<\/td>\n<\/tr>\n<\/tbody>\n<\/table>\n","protected":false},"featured_media":5311,"template":"","meta":{"_mi_skip_tracking":false},"product_cat":[45,57],"product_tag":[],"class_list":["post-5305","product","type-product","status-publish","has-post-thumbnail","hentry","product_cat-cctv","product_cat-kamery","pa_producent-digital-watchdog"],"aioseo_notices":[],"_links":{"self":[{"href":"https:\/\/xprosec.pl\/en\/wp-json\/wp\/v2\/product\/5305","targetHints":{"allow":["GET"]}}],"collection":[{"href":"https:\/\/xprosec.pl\/en\/wp-json\/wp\/v2\/product"}],"about":[{"href":"https:\/\/xprosec.pl\/en\/wp-json\/wp\/v2\/types\/product"}],"version-history":[{"count":1,"href":"https:\/\/xprosec.pl\/en\/wp-json\/wp\/v2\/product\/5305\/revisions"}],"predecessor-version":[{"id":5310,"href":"https:\/\/xprosec.pl\/en\/wp-json\/wp\/v2\/product\/5305\/revisions\/5310"}],"wp:featuredmedia":[{"embeddable":true,"href":"https:\/\/xprosec.pl\/en\/wp-json\/wp\/v2\/media\/5311"}],"wp:attachment":[{"href":"https:\/\/xprosec.pl\/en\/wp-json\/wp\/v2\/media?parent=5305"}],"wp:term":[{"taxonomy":"product_cat","embeddable":true,"href":"https:\/\/xprosec.pl\/en\/wp-json\/wp\/v2\/product_cat?post=5305"},{"taxonomy":"product_tag","embeddable":true,"href":"https:\/\/xprosec.pl\/en\/wp-json\/wp\/v2\/product_tag?post=5305"}],"curies":[{"name":"wp","href":"https:\/\/api.w.org\/{rel}","templated":true}]}}