{"id":5293,"date":"2026-03-10T12:54:24","date_gmt":"2026-03-10T11:54:24","guid":{"rendered":"https:\/\/xprosec.pl\/?post_type=product&#038;p=5293"},"modified":"2026-03-10T12:57:43","modified_gmt":"2026-03-10T11:57:43","slug":"dwc-xsba08mi-2","status":"publish","type":"product","link":"https:\/\/xprosec.pl\/en\/produkt\/dwc-xsba08mi-2\/","title":{"rendered":"DWC-XSBA08Mi"},"content":{"rendered":"<table width=\"834\">\n<tbody>\n<tr>\n<td style=\"font-weight: 400;\" width=\"834\">Kamera MEGApix Ai 4K, Tubowa, True WDR 120dB, obiektyw 2.7 &#8211; 13.5mm autofocus P-Iris, Smart IR\u2122 do 40m, IN\/OUT:1 we \/ 1 wy, audio: 1 we \/ 1 wy, analityka Ai Deep Learning, IP67, IK10, StarLight Plus\u2122, Zimny Start -40\u00b0C, Smart DNR\u2122 3D, AGC, True D&amp;N, De-Fog\u2122, BLC, AWB, lustro\/obr\u00f3t, slot na kart\u0119 pami\u0119ci Micro SD\/SDHC\/SDXC, OnVIF, NDAA\/TAA, gwarancja 5 lat<\/td>\n<\/tr>\n<\/tbody>\n<\/table>\n","protected":false},"excerpt":{"rendered":"<table width=\"834\">\n<tbody>\n<tr>\n<td style=\"font-weight: 400;\" width=\"834\">Kamera MEGApix Ai 4K, Tubowa, True WDR 120dB, obiektyw 2.7 &#8211; 13.5mm autofocus P-Iris, Smart IR\u2122 do 40m, IN\/OUT:1 we \/ 1 wy, audio: 1 we \/ 1 wy, analityka Ai Deep Learning, IP67, IK10, StarLight Plus\u2122, Zimny Start -40\u00b0C, Smart DNR\u2122 3D, AGC, True D&amp;N, De-Fog\u2122, BLC, AWB, lustro\/obr\u00f3t, slot na kart\u0119 pami\u0119ci Micro SD\/SDHC\/SDXC, OnVIF, NDAA\/TAA, gwarancja 5 lat<\/td>\n<\/tr>\n<\/tbody>\n<\/table>\n","protected":false},"featured_media":5294,"template":"","meta":{"_mi_skip_tracking":false},"product_cat":[45,57],"product_tag":[],"class_list":["post-5293","product","type-product","status-publish","has-post-thumbnail","hentry","product_cat-cctv","product_cat-kamery","pa_producent-digital-watchdog"],"aioseo_notices":[],"_links":{"self":[{"href":"https:\/\/xprosec.pl\/en\/wp-json\/wp\/v2\/product\/5293","targetHints":{"allow":["GET"]}}],"collection":[{"href":"https:\/\/xprosec.pl\/en\/wp-json\/wp\/v2\/product"}],"about":[{"href":"https:\/\/xprosec.pl\/en\/wp-json\/wp\/v2\/types\/product"}],"version-history":[{"count":1,"href":"https:\/\/xprosec.pl\/en\/wp-json\/wp\/v2\/product\/5293\/revisions"}],"predecessor-version":[{"id":5298,"href":"https:\/\/xprosec.pl\/en\/wp-json\/wp\/v2\/product\/5293\/revisions\/5298"}],"wp:featuredmedia":[{"embeddable":true,"href":"https:\/\/xprosec.pl\/en\/wp-json\/wp\/v2\/media\/5294"}],"wp:attachment":[{"href":"https:\/\/xprosec.pl\/en\/wp-json\/wp\/v2\/media?parent=5293"}],"wp:term":[{"taxonomy":"product_cat","embeddable":true,"href":"https:\/\/xprosec.pl\/en\/wp-json\/wp\/v2\/product_cat?post=5293"},{"taxonomy":"product_tag","embeddable":true,"href":"https:\/\/xprosec.pl\/en\/wp-json\/wp\/v2\/product_tag?post=5293"}],"curies":[{"name":"wp","href":"https:\/\/api.w.org\/{rel}","templated":true}]}}