{"id":5267,"date":"2026-03-10T11:51:18","date_gmt":"2026-03-10T10:51:18","guid":{"rendered":"https:\/\/xprosec.pl\/?post_type=product&#038;p=5267"},"modified":"2026-03-10T11:51:54","modified_gmt":"2026-03-10T10:51:54","slug":"dwc-mb45wiatx","status":"publish","type":"product","link":"https:\/\/xprosec.pl\/en\/produkt\/dwc-mb45wiatx\/","title":{"rendered":"DWC-MB45WiATX"},"content":{"rendered":"<table width=\"834\">\n<tbody>\n<tr>\n<td style=\"font-weight: 400;\" width=\"834\">Kamera MEGApix 5MP, Tubowa, True WDR 120dB, obiektyw 2.7 &#8211; 13.5mm autofocus P-Iris, Smart IR\u2122 do 40m, IN\/OUT:1 we \/ 1 wy, audio: 1 we \/ 1 wy, analityka IVA, IP66, StarLight Plus\u2122, Zimny Start -40\u00b0C, Smart DNR\u2122 3D, AGC, True D&amp;N, De-Fog\u2122, BLC, AWB, lustro\/obr\u00f3t, slot na kart\u0119 pami\u0119ci Micro SD\/SDHC\/SDXC, OnVIF, NDAA, gwarancja 5 lat<\/td>\n<\/tr>\n<\/tbody>\n<\/table>\n","protected":false},"excerpt":{"rendered":"<table width=\"834\">\n<tbody>\n<tr>\n<td style=\"font-weight: 400;\" width=\"834\">Kamera MEGApix 5MP, Tubowa, True WDR 120dB, obiektyw 2.7 &#8211; 13.5mm autofocus P-Iris, Smart IR\u2122 do 40m, IN\/OUT:1 we \/ 1 wy, audio: 1 we \/ 1 wy, analityka IVA, IP66, StarLight Plus\u2122, Zimny Start -40\u00b0C, Smart DNR\u2122 3D, AGC, True D&amp;N, De-Fog\u2122, BLC, AWB, lustro\/obr\u00f3t, slot na kart\u0119 pami\u0119ci Micro SD\/SDHC\/SDXC, OnVIF, NDAA, gwarancja 5 lat<\/td>\n<\/tr>\n<\/tbody>\n<\/table>\n","protected":false},"featured_media":5270,"template":"","meta":{"_mi_skip_tracking":false},"product_cat":[45,57],"product_tag":[],"class_list":["post-5267","product","type-product","status-publish","has-post-thumbnail","hentry","product_cat-cctv","product_cat-kamery","pa_producent-digital-watchdog"],"aioseo_notices":[],"_links":{"self":[{"href":"https:\/\/xprosec.pl\/en\/wp-json\/wp\/v2\/product\/5267","targetHints":{"allow":["GET"]}}],"collection":[{"href":"https:\/\/xprosec.pl\/en\/wp-json\/wp\/v2\/product"}],"about":[{"href":"https:\/\/xprosec.pl\/en\/wp-json\/wp\/v2\/types\/product"}],"version-history":[{"count":1,"href":"https:\/\/xprosec.pl\/en\/wp-json\/wp\/v2\/product\/5267\/revisions"}],"predecessor-version":[{"id":5272,"href":"https:\/\/xprosec.pl\/en\/wp-json\/wp\/v2\/product\/5267\/revisions\/5272"}],"wp:featuredmedia":[{"embeddable":true,"href":"https:\/\/xprosec.pl\/en\/wp-json\/wp\/v2\/media\/5270"}],"wp:attachment":[{"href":"https:\/\/xprosec.pl\/en\/wp-json\/wp\/v2\/media?parent=5267"}],"wp:term":[{"taxonomy":"product_cat","embeddable":true,"href":"https:\/\/xprosec.pl\/en\/wp-json\/wp\/v2\/product_cat?post=5267"},{"taxonomy":"product_tag","embeddable":true,"href":"https:\/\/xprosec.pl\/en\/wp-json\/wp\/v2\/product_tag?post=5267"}],"curies":[{"name":"wp","href":"https:\/\/api.w.org\/{rel}","templated":true}]}}