{"id":4883,"date":"2025-08-25T09:59:16","date_gmt":"2025-08-25T08:59:16","guid":{"rendered":"https:\/\/xprosec.pl\/?post_type=product&#038;p=4883"},"modified":"2026-01-09T12:12:20","modified_gmt":"2026-01-09T11:12:20","slug":"tsl-std-rr-h","status":"publish","type":"product","link":"https:\/\/xprosec.pl\/en\/produkt\/tsl-std-rr-h\/","title":{"rendered":"TSL-STD-RR-H"},"content":{"rendered":"<p>Czytnik TSL Standard 13.56MHz, NFC, BLE rozmiar standard, czarny.<\/p>\n<ul>\n<li>Technologia Multi Card zapewnia obs\u0142ug\u0119 kart DESFire, MIFARE<\/li>\n<li>Odczyt po\u015bwiadcze\u0144 Bluetooth\u00ae \/ NFC<\/li>\n<li>Obs\u0142uguje protok\u00f3\u0142 komunikacyjny OSDP z bezpiecznym kana\u0142em<\/li>\n<li>Modu\u0142 Secure Access Module (SAM) zapewniaj\u0105cy solidn\u0105 ochron\u0119 kluczy szyfrowania<\/li>\n<li>Niestandardowe klucze szyfrowania dla po\u015bwiadcze\u0144 MIFARE i DESFire<\/li>\n<li>Programowalny za pomoc\u0105 aplikacji Protege Config<\/li>\n<li>16-kolorowa ta\u015bma LED do konfigurowalnego wy\u015bwietlania stanu<\/li>\n<li>Zasi\u0119g odczytu do 50 mm (1,97&#8243;) z zbli\u017ceniowymi kartami ISO<\/li>\n<li>Utrzymuj transmisj\u0119 w ruchu w celu inteligentnego zarz\u0105dzania sabota\u017cem<\/li>\n<li>W pe\u0142ni hermetyczna konstrukcja z ochron\u0105 IP IP65 do pracy na zewn\u0105trz i wewn\u0105trz<\/li>\n<\/ul>\n","protected":false},"excerpt":{"rendered":"<p>Czytnik TSL Standard 13.56MHz, NFC, BLE rozmiar standard, czarny<\/p>\n","protected":false},"featured_media":4879,"template":"","meta":{"_mi_skip_tracking":false},"product_cat":[116,95,35,84],"product_tag":[],"class_list":["post-4883","product","type-product","status-publish","has-post-thumbnail","hentry","product_cat-13-56mhz","product_cat-czytniki","product_cat-kontrola-dostepu-i-sswin","product_cat-protege-gx"],"aioseo_notices":[],"_links":{"self":[{"href":"https:\/\/xprosec.pl\/en\/wp-json\/wp\/v2\/product\/4883","targetHints":{"allow":["GET"]}}],"collection":[{"href":"https:\/\/xprosec.pl\/en\/wp-json\/wp\/v2\/product"}],"about":[{"href":"https:\/\/xprosec.pl\/en\/wp-json\/wp\/v2\/types\/product"}],"version-history":[{"count":1,"href":"https:\/\/xprosec.pl\/en\/wp-json\/wp\/v2\/product\/4883\/revisions"}],"predecessor-version":[{"id":4884,"href":"https:\/\/xprosec.pl\/en\/wp-json\/wp\/v2\/product\/4883\/revisions\/4884"}],"wp:featuredmedia":[{"embeddable":true,"href":"https:\/\/xprosec.pl\/en\/wp-json\/wp\/v2\/media\/4879"}],"wp:attachment":[{"href":"https:\/\/xprosec.pl\/en\/wp-json\/wp\/v2\/media?parent=4883"}],"wp:term":[{"taxonomy":"product_cat","embeddable":true,"href":"https:\/\/xprosec.pl\/en\/wp-json\/wp\/v2\/product_cat?post=4883"},{"taxonomy":"product_tag","embeddable":true,"href":"https:\/\/xprosec.pl\/en\/wp-json\/wp\/v2\/product_tag?post=4883"}],"curies":[{"name":"wp","href":"https:\/\/api.w.org\/{rel}","templated":true}]}}