{"id":4313,"date":"2024-07-10T10:15:18","date_gmt":"2024-07-10T09:15:18","guid":{"rendered":"https:\/\/xprosec.pl\/?post_type=product&#038;p=4313"},"modified":"2024-07-10T10:43:45","modified_gmt":"2024-07-10T09:43:45","slug":"dw-spectrum","status":"publish","type":"product","link":"https:\/\/xprosec.pl\/en\/produkt\/dw-spectrum\/","title":{"rendered":"DW SPECTRUM"},"content":{"rendered":"<p>Oprogramowanie DW Spectrum\u00ae IPVMS to niesko\u0144czenie konfigurowalna platforma do zarz\u0105dzania materia\u0142em wizyjnym IP, daj\u0105ca u\u017cytkownikom mo\u017cliwo\u015b\u0107 tworzenia rozwi\u0105za\u0144 sieciowego wideo dla ka\u017cdego rodzaju projektu, do u\u017cytku przez ka\u017cdego, na dowolnym urz\u0105dzeniu.<br \/>\n<br \/>DW Spectrum oferuje szerok\u0105 integracj\u0119 sprz\u0119tu, obs\u0142uguj\u0105c tysi\u0105ce urz\u0105dze\u0144, w tym kamery, enkodery i modu\u0142y I\/O wiod\u0105cych producent\u00f3w. Dopracowany interfejs u\u017cytkownika gwarantuje bezproblemowe zarz\u0105dzanie monitoringiem. R\u00f3\u017cnorodno\u015b\u0107 mi\u0119dzy platformami umo\u017cliwia r\u00f3wnie\u017c u\u017cytkownikom dost\u0119p do danych z monitoringu i zarz\u0105dzanie nimi z dowolnego miejsca i w dowolnym czasie.<\/p>\n","protected":false},"excerpt":{"rendered":"<p>Oprogramowanie DW Spectrum\u00ae IPVMS to niesko\u0144czenie konfigurowalna platforma do zarz\u0105dzania materia\u0142em wizyjnym IP, daj\u0105ca u\u017cytkownikom mo\u017cliwo\u015b\u0107 tworzenia rozwi\u0105za\u0144 sieciowego wideo dla ka\u017cdego rodzaju projektu, do u\u017cytku przez ka\u017cdego, na dowolnym urz\u0105dzeniu.<\/p>\n","protected":false},"featured_media":4310,"template":"","meta":{"_mi_skip_tracking":false},"product_cat":[45,59],"product_tag":[],"class_list":["post-4313","product","type-product","status-publish","has-post-thumbnail","hentry","product_cat-cctv","product_cat-oprogramowanie","pa_producent-digital-watchdog"],"aioseo_notices":[],"_links":{"self":[{"href":"https:\/\/xprosec.pl\/en\/wp-json\/wp\/v2\/product\/4313","targetHints":{"allow":["GET"]}}],"collection":[{"href":"https:\/\/xprosec.pl\/en\/wp-json\/wp\/v2\/product"}],"about":[{"href":"https:\/\/xprosec.pl\/en\/wp-json\/wp\/v2\/types\/product"}],"version-history":[{"count":4,"href":"https:\/\/xprosec.pl\/en\/wp-json\/wp\/v2\/product\/4313\/revisions"}],"predecessor-version":[{"id":4317,"href":"https:\/\/xprosec.pl\/en\/wp-json\/wp\/v2\/product\/4313\/revisions\/4317"}],"wp:featuredmedia":[{"embeddable":true,"href":"https:\/\/xprosec.pl\/en\/wp-json\/wp\/v2\/media\/4310"}],"wp:attachment":[{"href":"https:\/\/xprosec.pl\/en\/wp-json\/wp\/v2\/media?parent=4313"}],"wp:term":[{"taxonomy":"product_cat","embeddable":true,"href":"https:\/\/xprosec.pl\/en\/wp-json\/wp\/v2\/product_cat?post=4313"},{"taxonomy":"product_tag","embeddable":true,"href":"https:\/\/xprosec.pl\/en\/wp-json\/wp\/v2\/product_tag?post=4313"}],"curies":[{"name":"wp","href":"https:\/\/api.w.org\/{rel}","templated":true}]}}