{"id":2841,"date":"2023-04-04T12:24:20","date_gmt":"2023-04-04T11:24:20","guid":{"rendered":"http:\/\/dashxbzmjl.cfolks.pl\/szablon\/?post_type=product&#038;p=2841"},"modified":"2023-04-04T12:30:25","modified_gmt":"2023-04-04T11:30:25","slug":"rf-rcvr-433","status":"publish","type":"product","link":"https:\/\/xprosec.pl\/en\/produkt\/rf-rcvr-433\/","title":{"rendered":"RF-RCVR-433"},"content":{"rendered":"<p>Odbiornik RF Wiegand 433MHz, 2 niezale\u017cne wyj\u015bcia Wiegand, PCB.<\/p>\n<ul>\n<li>3 konfiguracje operacyjne: Wiegand, RS-232 i autonomiczne<\/li>\n<li>4 wyj\u015bcia programowalne z otwartym kolektorem<\/li>\n<li>1 wyj\u015bcie przeka\u017anikowe formularza C<\/li>\n<li>Programowalna czu\u0142o\u015b\u0107 odbioru dla ka\u017cdego kana\u0142u<\/li>\n<li>Pojemno\u015b\u0107 600 u\u017cytkownik\u00f3w (identyfikator nadajnika) w konfiguracji autonomicznej<\/li>\n<li>Nieograniczona pojemno\u015b\u0107 u\u017cytkownik\u00f3w w konfiguracji Wiegand pass through<\/li>\n<\/ul>\n","protected":false},"excerpt":{"rendered":"<p>Odbiornik RF Wiegand 433MHz, 2 niezale\u017cne wyj\u015bcia Wiegand, PCB.<\/p>\n","protected":false},"featured_media":2842,"template":"","meta":{"_mi_skip_tracking":false},"product_cat":[97,35],"product_tag":[],"class_list":["post-2841","product","type-product","status-publish","has-post-thumbnail","hentry","product_cat-inne","product_cat-kontrola-dostepu-i-sswin"],"aioseo_notices":[],"_links":{"self":[{"href":"https:\/\/xprosec.pl\/en\/wp-json\/wp\/v2\/product\/2841","targetHints":{"allow":["GET"]}}],"collection":[{"href":"https:\/\/xprosec.pl\/en\/wp-json\/wp\/v2\/product"}],"about":[{"href":"https:\/\/xprosec.pl\/en\/wp-json\/wp\/v2\/types\/product"}],"version-history":[{"count":1,"href":"https:\/\/xprosec.pl\/en\/wp-json\/wp\/v2\/product\/2841\/revisions"}],"predecessor-version":[{"id":2843,"href":"https:\/\/xprosec.pl\/en\/wp-json\/wp\/v2\/product\/2841\/revisions\/2843"}],"wp:featuredmedia":[{"embeddable":true,"href":"https:\/\/xprosec.pl\/en\/wp-json\/wp\/v2\/media\/2842"}],"wp:attachment":[{"href":"https:\/\/xprosec.pl\/en\/wp-json\/wp\/v2\/media?parent=2841"}],"wp:term":[{"taxonomy":"product_cat","embeddable":true,"href":"https:\/\/xprosec.pl\/en\/wp-json\/wp\/v2\/product_cat?post=2841"},{"taxonomy":"product_tag","embeddable":true,"href":"https:\/\/xprosec.pl\/en\/wp-json\/wp\/v2\/product_tag?post=2841"}],"curies":[{"name":"wp","href":"https:\/\/api.w.org\/{rel}","templated":true}]}}