{"id":2839,"date":"2023-04-04T12:19:50","date_gmt":"2023-04-04T11:19:50","guid":{"rendered":"http:\/\/dashxbzmjl.cfolks.pl\/szablon\/?post_type=product&#038;p=2839"},"modified":"2023-04-04T12:20:42","modified_gmt":"2023-04-04T11:20:42","slug":"prx-iso-df-ev1-lt-2","status":"publish","type":"product","link":"https:\/\/xprosec.pl\/en\/produkt\/prx-iso-df-ev1-lt-2\/","title":{"rendered":"PRX-ISO-DF-EV1-LT"},"content":{"rendered":"<p>Karta zbli\u017ceniowa DESFire 13.56MHz EV1 Lite, ISO, z mo\u017cliwo\u015bci\u0105 nadruku, kodowana dla czytnik\u00f3w ICT, (EV1\/256), Ultra Secure kodowanie 3 DES z szyfrowaniem AES i zr\u00f3znicowanymi kluczami szyfruj\u0105cymi<\/p>\n<p>&nbsp;<\/p>\n","protected":false},"excerpt":{"rendered":"<p>Karta zbli\u017ceniowa DESFire 13.56MHz EV1 Lite, ISO, z mo\u017cliwo\u015bci\u0105 nadruku, kodowana dla czytnik\u00f3w ICT, (EV1\/256), Ultra Secure kodowanie 3 DES z szyfrowaniem AES i zr\u00f3znicowanymi kluczami szyfruj\u0105cymi<\/p>\n<p>&nbsp;<\/p>\n<p>&nbsp;<\/p>\n","protected":false},"featured_media":2828,"template":"","meta":{"_mi_skip_tracking":false},"product_cat":[96,35],"product_tag":[],"class_list":["post-2839","product","type-product","status-publish","has-post-thumbnail","hentry","product_cat-identyfikatory","product_cat-kontrola-dostepu-i-sswin"],"aioseo_notices":[],"_links":{"self":[{"href":"https:\/\/xprosec.pl\/en\/wp-json\/wp\/v2\/product\/2839","targetHints":{"allow":["GET"]}}],"collection":[{"href":"https:\/\/xprosec.pl\/en\/wp-json\/wp\/v2\/product"}],"about":[{"href":"https:\/\/xprosec.pl\/en\/wp-json\/wp\/v2\/types\/product"}],"version-history":[{"count":1,"href":"https:\/\/xprosec.pl\/en\/wp-json\/wp\/v2\/product\/2839\/revisions"}],"predecessor-version":[{"id":2840,"href":"https:\/\/xprosec.pl\/en\/wp-json\/wp\/v2\/product\/2839\/revisions\/2840"}],"wp:featuredmedia":[{"embeddable":true,"href":"https:\/\/xprosec.pl\/en\/wp-json\/wp\/v2\/media\/2828"}],"wp:attachment":[{"href":"https:\/\/xprosec.pl\/en\/wp-json\/wp\/v2\/media?parent=2839"}],"wp:term":[{"taxonomy":"product_cat","embeddable":true,"href":"https:\/\/xprosec.pl\/en\/wp-json\/wp\/v2\/product_cat?post=2839"},{"taxonomy":"product_tag","embeddable":true,"href":"https:\/\/xprosec.pl\/en\/wp-json\/wp\/v2\/product_tag?post=2839"}],"curies":[{"name":"wp","href":"https:\/\/api.w.org\/{rel}","templated":true}]}}