{"id":2835,"date":"2023-04-04T12:16:21","date_gmt":"2023-04-04T11:16:21","guid":{"rendered":"http:\/\/dashxbzmjl.cfolks.pl\/szablon\/?post_type=product&#038;p=2835"},"modified":"2023-04-04T12:17:03","modified_gmt":"2023-04-04T11:17:03","slug":"prx-iso-mf4k","status":"publish","type":"product","link":"https:\/\/xprosec.pl\/en\/produkt\/prx-iso-mf4k\/","title":{"rendered":"PRX-ISO-MF4K"},"content":{"rendered":"<p>Karta zbli\u017ceniowa MIFARE 13.56MHz, ISO, z mo\u017cliwo\u015bci\u0105 nadruku, kodowana dla czytnik\u00f3w ICT, (S70\/4K)<\/p>\n<p>&nbsp;<\/p>\n","protected":false},"excerpt":{"rendered":"<p>Karta zbli\u017ceniowa MIFARE 13.56MHz, ISO, z mo\u017cliwo\u015bci\u0105 nadruku, kodowana dla czytnik\u00f3w ICT, (S70\/4K)<\/p>\n<p>&nbsp;<\/p>\n","protected":false},"featured_media":2828,"template":"","meta":{"_mi_skip_tracking":false},"product_cat":[96,35],"product_tag":[],"class_list":["post-2835","product","type-product","status-publish","has-post-thumbnail","hentry","product_cat-identyfikatory","product_cat-kontrola-dostepu-i-sswin"],"aioseo_notices":[],"_links":{"self":[{"href":"https:\/\/xprosec.pl\/en\/wp-json\/wp\/v2\/product\/2835","targetHints":{"allow":["GET"]}}],"collection":[{"href":"https:\/\/xprosec.pl\/en\/wp-json\/wp\/v2\/product"}],"about":[{"href":"https:\/\/xprosec.pl\/en\/wp-json\/wp\/v2\/types\/product"}],"version-history":[{"count":1,"href":"https:\/\/xprosec.pl\/en\/wp-json\/wp\/v2\/product\/2835\/revisions"}],"predecessor-version":[{"id":2836,"href":"https:\/\/xprosec.pl\/en\/wp-json\/wp\/v2\/product\/2835\/revisions\/2836"}],"wp:featuredmedia":[{"embeddable":true,"href":"https:\/\/xprosec.pl\/en\/wp-json\/wp\/v2\/media\/2828"}],"wp:attachment":[{"href":"https:\/\/xprosec.pl\/en\/wp-json\/wp\/v2\/media?parent=2835"}],"wp:term":[{"taxonomy":"product_cat","embeddable":true,"href":"https:\/\/xprosec.pl\/en\/wp-json\/wp\/v2\/product_cat?post=2835"},{"taxonomy":"product_tag","embeddable":true,"href":"https:\/\/xprosec.pl\/en\/wp-json\/wp\/v2\/product_tag?post=2835"}],"curies":[{"name":"wp","href":"https:\/\/api.w.org\/{rel}","templated":true}]}}