{"id":2830,"date":"2023-04-04T12:09:45","date_gmt":"2023-04-04T11:09:45","guid":{"rendered":"http:\/\/dashxbzmjl.cfolks.pl\/szablon\/?post_type=product&#038;p=2830"},"modified":"2023-04-04T12:14:28","modified_gmt":"2023-04-04T11:14:28","slug":"prx-iso-df-ev1-lt","status":"publish","type":"product","link":"https:\/\/xprosec.pl\/en\/produkt\/prx-iso-df-ev1-lt\/","title":{"rendered":"PRX-ISO-DF-EV2-2K"},"content":{"rendered":"<p>Karta zbli\u017ceniowa DESFire 13.56MHz EV2, ISO, z mo\u017cliwo\u015bci\u0105 nadruku, kodowana dla czytnik\u00f3w ICT, (EV2\/2K), Ultra Secure kodowanie 3 DES z szyfrowaniem AES i zr\u00f3znicowanymi kluczami szyfruj\u0105cymi<\/p>\n<p>&nbsp;<\/p>\n","protected":false},"excerpt":{"rendered":"<p>Karta zbli\u017ceniowa DESFire 13.56MHz EV2, ISO, z mo\u017cliwo\u015bci\u0105 nadruku, kodowana dla czytnik\u00f3w ICT, (EV2\/2K), Ultra Secure kodowanie 3 DES z szyfrowaniem AES i zr\u00f3znicowanymi kluczami szyfruj\u0105cymi<\/p>\n<p>&nbsp;<\/p>\n<p>&nbsp;<\/p>\n","protected":false},"featured_media":2828,"template":"","meta":{"_mi_skip_tracking":false},"product_cat":[96,35],"product_tag":[],"class_list":["post-2830","product","type-product","status-publish","has-post-thumbnail","hentry","product_cat-identyfikatory","product_cat-kontrola-dostepu-i-sswin"],"aioseo_notices":[],"_links":{"self":[{"href":"https:\/\/xprosec.pl\/en\/wp-json\/wp\/v2\/product\/2830","targetHints":{"allow":["GET"]}}],"collection":[{"href":"https:\/\/xprosec.pl\/en\/wp-json\/wp\/v2\/product"}],"about":[{"href":"https:\/\/xprosec.pl\/en\/wp-json\/wp\/v2\/types\/product"}],"version-history":[{"count":2,"href":"https:\/\/xprosec.pl\/en\/wp-json\/wp\/v2\/product\/2830\/revisions"}],"predecessor-version":[{"id":2832,"href":"https:\/\/xprosec.pl\/en\/wp-json\/wp\/v2\/product\/2830\/revisions\/2832"}],"wp:featuredmedia":[{"embeddable":true,"href":"https:\/\/xprosec.pl\/en\/wp-json\/wp\/v2\/media\/2828"}],"wp:attachment":[{"href":"https:\/\/xprosec.pl\/en\/wp-json\/wp\/v2\/media?parent=2830"}],"wp:term":[{"taxonomy":"product_cat","embeddable":true,"href":"https:\/\/xprosec.pl\/en\/wp-json\/wp\/v2\/product_cat?post=2830"},{"taxonomy":"product_tag","embeddable":true,"href":"https:\/\/xprosec.pl\/en\/wp-json\/wp\/v2\/product_tag?post=2830"}],"curies":[{"name":"wp","href":"https:\/\/api.w.org\/{rel}","templated":true}]}}