{"id":2803,"date":"2023-04-03T12:24:00","date_gmt":"2023-04-03T11:24:00","guid":{"rendered":"http:\/\/dashxbzmjl.cfolks.pl\/szablon\/?post_type=product&#038;p=2803"},"modified":"2026-01-09T12:22:30","modified_gmt":"2026-01-09T11:22:30","slug":"prt-wx-din-ip","status":"publish","type":"product","link":"https:\/\/xprosec.pl\/en\/produkt\/prt-wx-din-ip\/","title":{"rendered":"PRT-WX-DIN-IP"},"content":{"rendered":"<p>Kontroler ProtegeWX &#8211; bez dialera telefonicznego.<\/p>\n<p>Wbudowany webserwer, kompletny kontroler g\u0142\u00f3wny integruj\u0105cy SSWiN i KD z pe\u0142nym zarz\u0105dzaniem przez przegl\u0105dark\u0119 internetow\u0105, mo\u017ce zarz\u0105dza\u0107 dowolnym modu\u0142em SE\/WX\/GX, wbudowane 2 porty czytnik\u00f3w, pot Ethernet, 8 wej\u015b\u0107, 7 wyj\u015b\u0107, oprogramowanie w postaci web serwera<\/p>\n","protected":false},"excerpt":{"rendered":"<p>Kontroler ProtegeWX &#8211; bez dialera telefonicznego.<\/p>\n","protected":false},"featured_media":2804,"template":"","meta":{"_mi_skip_tracking":false},"product_cat":[35,87,85],"product_tag":[],"class_list":["post-2803","product","type-product","status-publish","has-post-thumbnail","hentry","product_cat-kontrola-dostepu-i-sswin","product_cat-kontrolery-glowne-i-moduly","product_cat-protege-wx"],"aioseo_notices":[],"_links":{"self":[{"href":"https:\/\/xprosec.pl\/en\/wp-json\/wp\/v2\/product\/2803","targetHints":{"allow":["GET"]}}],"collection":[{"href":"https:\/\/xprosec.pl\/en\/wp-json\/wp\/v2\/product"}],"about":[{"href":"https:\/\/xprosec.pl\/en\/wp-json\/wp\/v2\/types\/product"}],"version-history":[{"count":1,"href":"https:\/\/xprosec.pl\/en\/wp-json\/wp\/v2\/product\/2803\/revisions"}],"predecessor-version":[{"id":2805,"href":"https:\/\/xprosec.pl\/en\/wp-json\/wp\/v2\/product\/2803\/revisions\/2805"}],"wp:featuredmedia":[{"embeddable":true,"href":"https:\/\/xprosec.pl\/en\/wp-json\/wp\/v2\/media\/2804"}],"wp:attachment":[{"href":"https:\/\/xprosec.pl\/en\/wp-json\/wp\/v2\/media?parent=2803"}],"wp:term":[{"taxonomy":"product_cat","embeddable":true,"href":"https:\/\/xprosec.pl\/en\/wp-json\/wp\/v2\/product_cat?post=2803"},{"taxonomy":"product_tag","embeddable":true,"href":"https:\/\/xprosec.pl\/en\/wp-json\/wp\/v2\/product_tag?post=2803"}],"curies":[{"name":"wp","href":"https:\/\/api.w.org\/{rel}","templated":true}]}}