{"id":2800,"date":"2023-04-03T12:16:52","date_gmt":"2023-04-03T11:16:52","guid":{"rendered":"http:\/\/dashxbzmjl.cfolks.pl\/szablon\/?post_type=product&#038;p=2800"},"modified":"2026-01-09T12:21:17","modified_gmt":"2026-01-09T11:21:17","slug":"prt-wx-din","status":"publish","type":"product","link":"https:\/\/xprosec.pl\/en\/produkt\/prt-wx-din\/","title":{"rendered":"PRT-WX-DIN"},"content":{"rendered":"<p>Kontroler ProtegeWX, wbudowany webserwer.<\/p>\n<p>Kompletny kontroler g\u0142\u00f3wny integruj\u0105cy SSWiN i KD z pe\u0142nym zarz\u0105dzaniem przez przegl\u0105dark\u0119 internetow\u0105, mo\u017ce zarz\u0105dza\u0107 dowolnym modu\u0142em SE\/WX\/GX, wbudowane 2 porty czytnik\u00f3w, port Ethernet, dialer telefoniczny, 8 wej\u015b\u0107, 7 wyj\u015b\u0107, oprogramowanie w postaci web serwera.<\/p>\n<p>Obs\u0142uga:<\/p>\n<ul>\n<li>10 000 u\u017cytkownik\u00f3w<\/li>\n<li>50 000 zdarze\u0144<\/li>\n<li>max 128 drzwi kontroli dost\u0119pu<\/li>\n<li>max 512 wej\u015b\u0107 alarmowych<\/li>\n<li>max 512 wyj\u015b\u0107<\/li>\n<li>max 32 strefy<\/li>\n<li>max 4 windy<\/li>\n<li>max 16 pi\u0119ter<\/li>\n<li>max 248 funkcji programowalnych<\/li>\n<li>max 200 klawiatur<\/li>\n<li>max 64 ekspandery czytnik\u00f3w<\/li>\n<li>max 248 ekspander\u00f3w wej\u015b\u0107<\/li>\n<li>max 32 ekspandery wyj\u015b\u0107<\/li>\n<li>max 32 ekspandery analogowe<\/li>\n<\/ul>\n","protected":false},"excerpt":{"rendered":"<p>Kontroler ProtegeWX, wbudowany webserwer.  <\/p>\n","protected":false},"featured_media":2801,"template":"","meta":{"_mi_skip_tracking":false},"product_cat":[35,87,85],"product_tag":[],"class_list":["post-2800","product","type-product","status-publish","has-post-thumbnail","hentry","product_cat-kontrola-dostepu-i-sswin","product_cat-kontrolery-glowne-i-moduly","product_cat-protege-wx"],"aioseo_notices":[],"_links":{"self":[{"href":"https:\/\/xprosec.pl\/en\/wp-json\/wp\/v2\/product\/2800","targetHints":{"allow":["GET"]}}],"collection":[{"href":"https:\/\/xprosec.pl\/en\/wp-json\/wp\/v2\/product"}],"about":[{"href":"https:\/\/xprosec.pl\/en\/wp-json\/wp\/v2\/types\/product"}],"version-history":[{"count":3,"href":"https:\/\/xprosec.pl\/en\/wp-json\/wp\/v2\/product\/2800\/revisions"}],"predecessor-version":[{"id":2810,"href":"https:\/\/xprosec.pl\/en\/wp-json\/wp\/v2\/product\/2800\/revisions\/2810"}],"wp:featuredmedia":[{"embeddable":true,"href":"https:\/\/xprosec.pl\/en\/wp-json\/wp\/v2\/media\/2801"}],"wp:attachment":[{"href":"https:\/\/xprosec.pl\/en\/wp-json\/wp\/v2\/media?parent=2800"}],"wp:term":[{"taxonomy":"product_cat","embeddable":true,"href":"https:\/\/xprosec.pl\/en\/wp-json\/wp\/v2\/product_cat?post=2800"},{"taxonomy":"product_tag","embeddable":true,"href":"https:\/\/xprosec.pl\/en\/wp-json\/wp\/v2\/product_tag?post=2800"}],"curies":[{"name":"wp","href":"https:\/\/api.w.org\/{rel}","templated":true}]}}