{"id":2709,"date":"2023-03-31T13:37:24","date_gmt":"2023-03-31T12:37:24","guid":{"rendered":"http:\/\/dashxbzmjl.cfolks.pl\/szablon\/produkt\/prt-gx-apart\/"},"modified":"2023-03-31T13:43:28","modified_gmt":"2023-03-31T12:43:28","slug":"prt-gx-apart","status":"publish","type":"product","link":"https:\/\/xprosec.pl\/en\/produkt\/prt-gx-apart\/","title":{"rendered":"PRT-GX-APART"},"content":{"rendered":"<p>ProtegeGX integracja apartament i kondominium. <br \/>\nLicencja jest darmowa, ale nale\u017cy j\u0105 zam\u00f3wi\u0107 aby uaktywni\u0107 odpowiednie funkcje<\/p>\n","protected":false},"excerpt":{"rendered":"<p>ProtegeGX integracja apartament i kondominium.<\/p>\n","protected":false},"featured_media":2605,"template":"","meta":{"_mi_skip_tracking":false},"product_cat":[34,35,90,84],"product_tag":[],"class_list":["post-2709","product","type-product","status-publish","has-post-thumbnail","hentry","product_cat-bez-kategorii","product_cat-kontrola-dostepu-i-sswin","product_cat-licencje-protege-gx","product_cat-protege-gx"],"aioseo_notices":[],"_links":{"self":[{"href":"https:\/\/xprosec.pl\/en\/wp-json\/wp\/v2\/product\/2709","targetHints":{"allow":["GET"]}}],"collection":[{"href":"https:\/\/xprosec.pl\/en\/wp-json\/wp\/v2\/product"}],"about":[{"href":"https:\/\/xprosec.pl\/en\/wp-json\/wp\/v2\/types\/product"}],"version-history":[{"count":2,"href":"https:\/\/xprosec.pl\/en\/wp-json\/wp\/v2\/product\/2709\/revisions"}],"predecessor-version":[{"id":2757,"href":"https:\/\/xprosec.pl\/en\/wp-json\/wp\/v2\/product\/2709\/revisions\/2757"}],"wp:featuredmedia":[{"embeddable":true,"href":"https:\/\/xprosec.pl\/en\/wp-json\/wp\/v2\/media\/2605"}],"wp:attachment":[{"href":"https:\/\/xprosec.pl\/en\/wp-json\/wp\/v2\/media?parent=2709"}],"wp:term":[{"taxonomy":"product_cat","embeddable":true,"href":"https:\/\/xprosec.pl\/en\/wp-json\/wp\/v2\/product_cat?post=2709"},{"taxonomy":"product_tag","embeddable":true,"href":"https:\/\/xprosec.pl\/en\/wp-json\/wp\/v2\/product_tag?post=2709"}],"curies":[{"name":"wp","href":"https:\/\/api.w.org\/{rel}","templated":true}]}}