{"id":2700,"date":"2023-03-31T13:37:23","date_gmt":"2023-03-31T12:37:23","guid":{"rendered":"http:\/\/dashxbzmjl.cfolks.pl\/szablon\/produkt\/prt-gx-db-sync\/"},"modified":"2023-03-31T13:56:09","modified_gmt":"2023-03-31T12:56:09","slug":"prt-gx-db-sync","status":"publish","type":"product","link":"https:\/\/xprosec.pl\/en\/produkt\/prt-gx-db-sync\/","title":{"rendered":"PRT-GX-DB-SYNC"},"content":{"rendered":"<p>ProtegeGX Oprogramowanie Synchronizacji Bazy Danych.<br \/>\nOprogramowanie u\u017cywane do pobieranie danych o u\u017cytkownikach (i innych elementach systemu ProtegeGX) z zewn\u0119trznej bazy danych<\/p>\n","protected":false},"excerpt":{"rendered":"<p>ProtegeGX Oprogramowanie Synchronizacji Bazy Danych<\/p>\n","protected":false},"featured_media":2605,"template":"","meta":{"_mi_skip_tracking":false},"product_cat":[34,35,90,84],"product_tag":[],"class_list":["post-2700","product","type-product","status-publish","has-post-thumbnail","hentry","product_cat-bez-kategorii","product_cat-kontrola-dostepu-i-sswin","product_cat-licencje-protege-gx","product_cat-protege-gx"],"aioseo_notices":[],"_links":{"self":[{"href":"https:\/\/xprosec.pl\/en\/wp-json\/wp\/v2\/product\/2700","targetHints":{"allow":["GET"]}}],"collection":[{"href":"https:\/\/xprosec.pl\/en\/wp-json\/wp\/v2\/product"}],"about":[{"href":"https:\/\/xprosec.pl\/en\/wp-json\/wp\/v2\/types\/product"}],"version-history":[{"count":2,"href":"https:\/\/xprosec.pl\/en\/wp-json\/wp\/v2\/product\/2700\/revisions"}],"predecessor-version":[{"id":2772,"href":"https:\/\/xprosec.pl\/en\/wp-json\/wp\/v2\/product\/2700\/revisions\/2772"}],"wp:featuredmedia":[{"embeddable":true,"href":"https:\/\/xprosec.pl\/en\/wp-json\/wp\/v2\/media\/2605"}],"wp:attachment":[{"href":"https:\/\/xprosec.pl\/en\/wp-json\/wp\/v2\/media?parent=2700"}],"wp:term":[{"taxonomy":"product_cat","embeddable":true,"href":"https:\/\/xprosec.pl\/en\/wp-json\/wp\/v2\/product_cat?post=2700"},{"taxonomy":"product_tag","embeddable":true,"href":"https:\/\/xprosec.pl\/en\/wp-json\/wp\/v2\/product_tag?post=2700"}],"curies":[{"name":"wp","href":"https:\/\/api.w.org\/{rel}","templated":true}]}}