{"id":2698,"date":"2023-03-31T13:37:23","date_gmt":"2023-03-31T12:37:23","guid":{"rendered":"http:\/\/dashxbzmjl.cfolks.pl\/szablon\/produkt\/prt-gx-ent-must\/"},"modified":"2023-03-31T13:53:09","modified_gmt":"2023-03-31T12:53:09","slug":"prt-gx-ent-must","status":"publish","type":"product","link":"https:\/\/xprosec.pl\/en\/produkt\/prt-gx-ent-must\/","title":{"rendered":"PRT-GX-ENT-MUST"},"content":{"rendered":"<p>ProtegeGX Raporty Ewakuacyjne Enterprise<br \/>\nRaport Enterprise Muster wy\u015bwietla podgl\u0105d na \u017cywo u\u017cytkownik\u00f3w na miejscu w okre\u015blonych obszarach.<br \/>\nWykorzystuj\u0105c czytniki wej\u015bcia i wyj\u015bcia powi\u0105zane z drzwiami, raport tworzy list\u0119 obecnych u\u017cytkownik\u00f3w co 30 sekund.<br \/>\nEnterprise Muster mo\u017ce by\u0107 r\u00f3wnie\u017c u\u017cywany w po\u0142\u0105czeniu z okre\u015blonym raportem u\u017cytkownika w ProtegeGX, aby wy\u015bwietli\u0107 ca\u0142kowit\u0105 liczb\u0119 u\u017cytkownik\u00f3w w obiekcie w ci\u0105gu dnia.<\/p>\n","protected":false},"excerpt":{"rendered":"<p>ProtegeGX Raporty Ewakuacyjne Enterprise<\/p>\n","protected":false},"featured_media":2605,"template":"","meta":{"_mi_skip_tracking":false},"product_cat":[34,35,90,84],"product_tag":[],"class_list":["post-2698","product","type-product","status-publish","has-post-thumbnail","hentry","product_cat-bez-kategorii","product_cat-kontrola-dostepu-i-sswin","product_cat-licencje-protege-gx","product_cat-protege-gx"],"aioseo_notices":[],"_links":{"self":[{"href":"https:\/\/xprosec.pl\/en\/wp-json\/wp\/v2\/product\/2698","targetHints":{"allow":["GET"]}}],"collection":[{"href":"https:\/\/xprosec.pl\/en\/wp-json\/wp\/v2\/product"}],"about":[{"href":"https:\/\/xprosec.pl\/en\/wp-json\/wp\/v2\/types\/product"}],"version-history":[{"count":3,"href":"https:\/\/xprosec.pl\/en\/wp-json\/wp\/v2\/product\/2698\/revisions"}],"predecessor-version":[{"id":2769,"href":"https:\/\/xprosec.pl\/en\/wp-json\/wp\/v2\/product\/2698\/revisions\/2769"}],"wp:featuredmedia":[{"embeddable":true,"href":"https:\/\/xprosec.pl\/en\/wp-json\/wp\/v2\/media\/2605"}],"wp:attachment":[{"href":"https:\/\/xprosec.pl\/en\/wp-json\/wp\/v2\/media?parent=2698"}],"wp:term":[{"taxonomy":"product_cat","embeddable":true,"href":"https:\/\/xprosec.pl\/en\/wp-json\/wp\/v2\/product_cat?post=2698"},{"taxonomy":"product_tag","embeddable":true,"href":"https:\/\/xprosec.pl\/en\/wp-json\/wp\/v2\/product_tag?post=2698"}],"curies":[{"name":"wp","href":"https:\/\/api.w.org\/{rel}","templated":true}]}}