{"id":2697,"date":"2023-03-31T13:37:23","date_gmt":"2023-03-31T12:37:23","guid":{"rendered":"http:\/\/dashxbzmjl.cfolks.pl\/szablon\/produkt\/prt-gx-must\/"},"modified":"2023-03-31T13:59:25","modified_gmt":"2023-03-31T12:59:25","slug":"prt-gx-must","status":"publish","type":"product","link":"https:\/\/xprosec.pl\/en\/produkt\/prt-gx-must\/","title":{"rendered":"PRT-GX-MUST"},"content":{"rendered":"<p>ProtegeGX Raporty Ewakuacyjne.<br \/>\nModu\u0142 pozwalaj\u0105cy na generowanie raport\u00f3w ewakuacyjnych, mo\u017cliwo\u015bci\u0105 automatycznego wysy\u0142ania maili, podgl\u0105d os\u00f3b obecnych w strefie na \u017cywo, nieograniczona liczba lokalizacji wej\u015bcia i wyj\u015bcia<\/p>\n","protected":false},"excerpt":{"rendered":"<p>ProtegeGX Raporty Ewakuacyjne<\/p>\n","protected":false},"featured_media":2605,"template":"","meta":{"_mi_skip_tracking":false},"product_cat":[34,35,90,84],"product_tag":[],"class_list":["post-2697","product","type-product","status-publish","has-post-thumbnail","hentry","product_cat-bez-kategorii","product_cat-kontrola-dostepu-i-sswin","product_cat-licencje-protege-gx","product_cat-protege-gx"],"aioseo_notices":[],"_links":{"self":[{"href":"https:\/\/xprosec.pl\/en\/wp-json\/wp\/v2\/product\/2697","targetHints":{"allow":["GET"]}}],"collection":[{"href":"https:\/\/xprosec.pl\/en\/wp-json\/wp\/v2\/product"}],"about":[{"href":"https:\/\/xprosec.pl\/en\/wp-json\/wp\/v2\/types\/product"}],"version-history":[{"count":2,"href":"https:\/\/xprosec.pl\/en\/wp-json\/wp\/v2\/product\/2697\/revisions"}],"predecessor-version":[{"id":2776,"href":"https:\/\/xprosec.pl\/en\/wp-json\/wp\/v2\/product\/2697\/revisions\/2776"}],"wp:featuredmedia":[{"embeddable":true,"href":"https:\/\/xprosec.pl\/en\/wp-json\/wp\/v2\/media\/2605"}],"wp:attachment":[{"href":"https:\/\/xprosec.pl\/en\/wp-json\/wp\/v2\/media?parent=2697"}],"wp:term":[{"taxonomy":"product_cat","embeddable":true,"href":"https:\/\/xprosec.pl\/en\/wp-json\/wp\/v2\/product_cat?post=2697"},{"taxonomy":"product_tag","embeddable":true,"href":"https:\/\/xprosec.pl\/en\/wp-json\/wp\/v2\/product_tag?post=2697"}],"curies":[{"name":"wp","href":"https:\/\/api.w.org\/{rel}","templated":true}]}}