{"id":2690,"date":"2023-03-31T13:37:22","date_gmt":"2023-03-31T12:37:22","guid":{"rendered":"http:\/\/dashxbzmjl.cfolks.pl\/szablon\/produkt\/prt-gx-inov\/"},"modified":"2023-03-31T14:02:24","modified_gmt":"2023-03-31T13:02:24","slug":"prt-gx-inov","status":"publish","type":"product","link":"https:\/\/xprosec.pl\/en\/produkt\/prt-gx-inov\/","title":{"rendered":"PRT-GX-INOV"},"content":{"rendered":"<p>ProtegeGX licencja integracji dla bramki IP INOVONICS.<br \/>\nPozwala na integracj\u0119 urz\u0105dze\u0144 bezprzewodowych INOVONICS w systemie Protege GX w wersji 4.0 lub wy\u017cszej. Pojedyncza licencja jest wymagana dla ka\u017cdej bramki IP INOVONICS.<\/p>\n","protected":false},"excerpt":{"rendered":"<p>ProtegeGX licencja integracji dla bramki IP INOVONICS.<\/p>\n","protected":false},"featured_media":2605,"template":"","meta":{"_mi_skip_tracking":false},"product_cat":[34,35,90,84],"product_tag":[],"class_list":["post-2690","product","type-product","status-publish","has-post-thumbnail","hentry","product_cat-bez-kategorii","product_cat-kontrola-dostepu-i-sswin","product_cat-licencje-protege-gx","product_cat-protege-gx"],"aioseo_notices":[],"_links":{"self":[{"href":"https:\/\/xprosec.pl\/en\/wp-json\/wp\/v2\/product\/2690","targetHints":{"allow":["GET"]}}],"collection":[{"href":"https:\/\/xprosec.pl\/en\/wp-json\/wp\/v2\/product"}],"about":[{"href":"https:\/\/xprosec.pl\/en\/wp-json\/wp\/v2\/types\/product"}],"version-history":[{"count":2,"href":"https:\/\/xprosec.pl\/en\/wp-json\/wp\/v2\/product\/2690\/revisions"}],"predecessor-version":[{"id":2778,"href":"https:\/\/xprosec.pl\/en\/wp-json\/wp\/v2\/product\/2690\/revisions\/2778"}],"wp:featuredmedia":[{"embeddable":true,"href":"https:\/\/xprosec.pl\/en\/wp-json\/wp\/v2\/media\/2605"}],"wp:attachment":[{"href":"https:\/\/xprosec.pl\/en\/wp-json\/wp\/v2\/media?parent=2690"}],"wp:term":[{"taxonomy":"product_cat","embeddable":true,"href":"https:\/\/xprosec.pl\/en\/wp-json\/wp\/v2\/product_cat?post=2690"},{"taxonomy":"product_tag","embeddable":true,"href":"https:\/\/xprosec.pl\/en\/wp-json\/wp\/v2\/product_tag?post=2690"}],"curies":[{"name":"wp","href":"https:\/\/api.w.org\/{rel}","templated":true}]}}