{"id":2688,"date":"2023-03-31T13:37:22","date_gmt":"2023-03-31T12:37:22","guid":{"rendered":"http:\/\/dashxbzmjl.cfolks.pl\/szablon\/produkt\/prt-gx-photo\/"},"modified":"2023-03-31T14:11:19","modified_gmt":"2023-03-31T13:11:19","slug":"prt-gx-photo","status":"publish","type":"product","link":"https:\/\/xprosec.pl\/en\/produkt\/prt-gx-photo\/","title":{"rendered":"PRT-GX-PHOTO"},"content":{"rendered":"<p>ProtegeGX Photo ID.<br \/>\nLicencja umo\u017cliwiaj\u0105ca dodawanie zdj\u0119\u0107 u\u017cytkownik\u00f3w do systemu, tworzenie szablon\u00f3w zadruk\u00f3w kart, oraz pozwalaj\u0105ca na wy\u015bwietlanie zdj\u0119\u0107 u\u017cytkownik\u00f3w na listach zdarze\u0144.<\/p>\n","protected":false},"excerpt":{"rendered":"<p>ProtegeGX Photo ID.<\/p>\n","protected":false},"featured_media":2605,"template":"","meta":{"_mi_skip_tracking":false},"product_cat":[34,35,90,84],"product_tag":[],"class_list":["post-2688","product","type-product","status-publish","has-post-thumbnail","hentry","product_cat-bez-kategorii","product_cat-kontrola-dostepu-i-sswin","product_cat-licencje-protege-gx","product_cat-protege-gx"],"aioseo_notices":[],"_links":{"self":[{"href":"https:\/\/xprosec.pl\/en\/wp-json\/wp\/v2\/product\/2688","targetHints":{"allow":["GET"]}}],"collection":[{"href":"https:\/\/xprosec.pl\/en\/wp-json\/wp\/v2\/product"}],"about":[{"href":"https:\/\/xprosec.pl\/en\/wp-json\/wp\/v2\/types\/product"}],"version-history":[{"count":2,"href":"https:\/\/xprosec.pl\/en\/wp-json\/wp\/v2\/product\/2688\/revisions"}],"predecessor-version":[{"id":2788,"href":"https:\/\/xprosec.pl\/en\/wp-json\/wp\/v2\/product\/2688\/revisions\/2788"}],"wp:featuredmedia":[{"embeddable":true,"href":"https:\/\/xprosec.pl\/en\/wp-json\/wp\/v2\/media\/2605"}],"wp:attachment":[{"href":"https:\/\/xprosec.pl\/en\/wp-json\/wp\/v2\/media?parent=2688"}],"wp:term":[{"taxonomy":"product_cat","embeddable":true,"href":"https:\/\/xprosec.pl\/en\/wp-json\/wp\/v2\/product_cat?post=2688"},{"taxonomy":"product_tag","embeddable":true,"href":"https:\/\/xprosec.pl\/en\/wp-json\/wp\/v2\/product_tag?post=2688"}],"curies":[{"name":"wp","href":"https:\/\/api.w.org\/{rel}","templated":true}]}}