{"id":2680,"date":"2023-03-31T13:37:21","date_gmt":"2023-03-31T12:37:21","guid":{"rendered":"http:\/\/dashxbzmjl.cfolks.pl\/szablon\/produkt\/prt-gx-dor-ap-100\/"},"modified":"2023-03-31T14:18:49","modified_gmt":"2023-03-31T13:18:49","slug":"prt-gx-dor-ap-100","status":"publish","type":"product","link":"https:\/\/xprosec.pl\/en\/produkt\/prt-gx-dor-ap-100\/","title":{"rendered":"PRT-GX-DOR-AP-100"},"content":{"rendered":"<p>ProtegeGX licencja na 100 drzwi soft IP APERIO.<br \/>\nPozwala na obs\u0142ug\u0119 w ProtegeGX drzwi z zewn\u0119trznego systemu APERIO. Jedna licencja wymagana na ka\u017cde tego typu drzwi. <br \/>Integracja mo\u017ce wymaga\u0107 dodatkowego sprzetu lub oprogramowania dostarczanego przez producenta zamk\u00f3w elektronicznych.<\/p>\n","protected":false},"excerpt":{"rendered":"<p>ProtegeGX licencja na 100 drzwi soft IP APERIO<\/p>\n","protected":false},"featured_media":2605,"template":"","meta":{"_mi_skip_tracking":false},"product_cat":[34,35,90,84],"product_tag":[],"class_list":["post-2680","product","type-product","status-publish","has-post-thumbnail","hentry","product_cat-bez-kategorii","product_cat-kontrola-dostepu-i-sswin","product_cat-licencje-protege-gx","product_cat-protege-gx"],"aioseo_notices":[],"_links":{"self":[{"href":"https:\/\/xprosec.pl\/en\/wp-json\/wp\/v2\/product\/2680","targetHints":{"allow":["GET"]}}],"collection":[{"href":"https:\/\/xprosec.pl\/en\/wp-json\/wp\/v2\/product"}],"about":[{"href":"https:\/\/xprosec.pl\/en\/wp-json\/wp\/v2\/types\/product"}],"version-history":[{"count":2,"href":"https:\/\/xprosec.pl\/en\/wp-json\/wp\/v2\/product\/2680\/revisions"}],"predecessor-version":[{"id":2796,"href":"https:\/\/xprosec.pl\/en\/wp-json\/wp\/v2\/product\/2680\/revisions\/2796"}],"wp:featuredmedia":[{"embeddable":true,"href":"https:\/\/xprosec.pl\/en\/wp-json\/wp\/v2\/media\/2605"}],"wp:attachment":[{"href":"https:\/\/xprosec.pl\/en\/wp-json\/wp\/v2\/media?parent=2680"}],"wp:term":[{"taxonomy":"product_cat","embeddable":true,"href":"https:\/\/xprosec.pl\/en\/wp-json\/wp\/v2\/product_cat?post=2680"},{"taxonomy":"product_tag","embeddable":true,"href":"https:\/\/xprosec.pl\/en\/wp-json\/wp\/v2\/product_tag?post=2680"}],"curies":[{"name":"wp","href":"https:\/\/api.w.org\/{rel}","templated":true}]}}