{"id":2656,"date":"2023-03-31T13:23:21","date_gmt":"2023-03-31T12:23:21","guid":{"rendered":"http:\/\/dashxbzmjl.cfolks.pl\/szablon\/?post_type=product&#038;p=2656"},"modified":"2023-03-31T13:24:31","modified_gmt":"2023-03-31T12:24:31","slug":"prt-gx-dor-50","status":"publish","type":"product","link":"https:\/\/xprosec.pl\/en\/produkt\/prt-gx-dor-50\/","title":{"rendered":"PRT-GX-DOR-50"},"content":{"rendered":"<p>ProtegeGX licencja na 50 drzwi.<br \/>\nDodatkowa licencja na 50 drzwi zwi\u0119kszaj\u0105ca ilo\u015b\u0107 mo\u017cliwych do uruchomienia drzwi w systemie ProtegeGX.<\/p>\n","protected":false},"excerpt":{"rendered":"<p>ProtegeGX licencja na 50 drzwi.<\/p>\n","protected":false},"featured_media":2605,"template":"","meta":{"_mi_skip_tracking":false},"product_cat":[35,90,84],"product_tag":[],"class_list":["post-2656","product","type-product","status-publish","has-post-thumbnail","hentry","product_cat-kontrola-dostepu-i-sswin","product_cat-licencje-protege-gx","product_cat-protege-gx"],"aioseo_notices":[],"_links":{"self":[{"href":"https:\/\/xprosec.pl\/en\/wp-json\/wp\/v2\/product\/2656","targetHints":{"allow":["GET"]}}],"collection":[{"href":"https:\/\/xprosec.pl\/en\/wp-json\/wp\/v2\/product"}],"about":[{"href":"https:\/\/xprosec.pl\/en\/wp-json\/wp\/v2\/types\/product"}],"version-history":[{"count":1,"href":"https:\/\/xprosec.pl\/en\/wp-json\/wp\/v2\/product\/2656\/revisions"}],"predecessor-version":[{"id":2657,"href":"https:\/\/xprosec.pl\/en\/wp-json\/wp\/v2\/product\/2656\/revisions\/2657"}],"wp:featuredmedia":[{"embeddable":true,"href":"https:\/\/xprosec.pl\/en\/wp-json\/wp\/v2\/media\/2605"}],"wp:attachment":[{"href":"https:\/\/xprosec.pl\/en\/wp-json\/wp\/v2\/media?parent=2656"}],"wp:term":[{"taxonomy":"product_cat","embeddable":true,"href":"https:\/\/xprosec.pl\/en\/wp-json\/wp\/v2\/product_cat?post=2656"},{"taxonomy":"product_tag","embeddable":true,"href":"https:\/\/xprosec.pl\/en\/wp-json\/wp\/v2\/product_tag?post=2656"}],"curies":[{"name":"wp","href":"https:\/\/api.w.org\/{rel}","templated":true}]}}