{"id":2645,"date":"2023-03-31T12:43:58","date_gmt":"2023-03-31T11:43:58","guid":{"rendered":"http:\/\/dashxbzmjl.cfolks.pl\/szablon\/produkt\/prt-gx-dor-1protegegx-licencja-na-1-drzwi\/"},"modified":"2023-03-31T13:31:45","modified_gmt":"2023-03-31T12:31:45","slug":"prt-gx-dor-1protegegx-licencja-na-1-drzwi","status":"publish","type":"product","link":"https:\/\/xprosec.pl\/en\/produkt\/prt-gx-dor-1protegegx-licencja-na-1-drzwi\/","title":{"rendered":"PRT-GX-DOR-1"},"content":{"rendered":"<p>ProtegeGX licencja na 1 drzwi.<br \/>\nDodatkowa licencja na 1 drzwi zwi\u0119kszaj\u0105ca ilo\u015b\u0107 mo\u017cliwych do uruchomienia drzwi w systemie ProtegeGX.<\/p>\n","protected":false},"excerpt":{"rendered":"<p>ProtegeGX licencja na 1 drzwi<\/p>\n","protected":false},"featured_media":2605,"template":"","meta":{"_mi_skip_tracking":false},"product_cat":[34,35,90,84],"product_tag":[],"class_list":["post-2645","product","type-product","status-publish","has-post-thumbnail","hentry","product_cat-bez-kategorii","product_cat-kontrola-dostepu-i-sswin","product_cat-licencje-protege-gx","product_cat-protege-gx"],"aioseo_notices":[],"_links":{"self":[{"href":"https:\/\/xprosec.pl\/en\/wp-json\/wp\/v2\/product\/2645","targetHints":{"allow":["GET"]}}],"collection":[{"href":"https:\/\/xprosec.pl\/en\/wp-json\/wp\/v2\/product"}],"about":[{"href":"https:\/\/xprosec.pl\/en\/wp-json\/wp\/v2\/types\/product"}],"version-history":[{"count":3,"href":"https:\/\/xprosec.pl\/en\/wp-json\/wp\/v2\/product\/2645\/revisions"}],"predecessor-version":[{"id":2659,"href":"https:\/\/xprosec.pl\/en\/wp-json\/wp\/v2\/product\/2645\/revisions\/2659"}],"wp:featuredmedia":[{"embeddable":true,"href":"https:\/\/xprosec.pl\/en\/wp-json\/wp\/v2\/media\/2605"}],"wp:attachment":[{"href":"https:\/\/xprosec.pl\/en\/wp-json\/wp\/v2\/media?parent=2645"}],"wp:term":[{"taxonomy":"product_cat","embeddable":true,"href":"https:\/\/xprosec.pl\/en\/wp-json\/wp\/v2\/product_cat?post=2645"},{"taxonomy":"product_tag","embeddable":true,"href":"https:\/\/xprosec.pl\/en\/wp-json\/wp\/v2\/product_tag?post=2645"}],"curies":[{"name":"wp","href":"https:\/\/api.w.org\/{rel}","templated":true}]}}