{"id":2643,"date":"2023-03-31T12:43:58","date_gmt":"2023-03-31T11:43:58","guid":{"rendered":"http:\/\/dashxbzmjl.cfolks.pl\/szablon\/produkt\/prt-gx-dor-10protegegx-licencja-na-10-drzwi\/"},"modified":"2023-03-31T13:31:10","modified_gmt":"2023-03-31T12:31:10","slug":"prt-gx-dor-10protegegx-licencja-na-10-drzwi","status":"publish","type":"product","link":"https:\/\/xprosec.pl\/en\/produkt\/prt-gx-dor-10protegegx-licencja-na-10-drzwi\/","title":{"rendered":"PRT-GX-DOR-10"},"content":{"rendered":"<p>ProtegeGX licencja na 10 drzwi.<br \/>\nDodatkowa licencja na 10 drzwi zwi\u0119kszaj\u0105ca ilo\u015b\u0107 mo\u017cliwych do uruchomienia drzwi w systemie ProtegeGX.<\/p>\n","protected":false},"excerpt":{"rendered":"<p>ProtegeGX licencja na 10 drzwi<\/p>\n","protected":false},"featured_media":2605,"template":"","meta":{"_mi_skip_tracking":false},"product_cat":[35,90,84],"product_tag":[],"class_list":["post-2643","product","type-product","status-publish","has-post-thumbnail","hentry","product_cat-kontrola-dostepu-i-sswin","product_cat-licencje-protege-gx","product_cat-protege-gx"],"aioseo_notices":[],"_links":{"self":[{"href":"https:\/\/xprosec.pl\/en\/wp-json\/wp\/v2\/product\/2643","targetHints":{"allow":["GET"]}}],"collection":[{"href":"https:\/\/xprosec.pl\/en\/wp-json\/wp\/v2\/product"}],"about":[{"href":"https:\/\/xprosec.pl\/en\/wp-json\/wp\/v2\/types\/product"}],"version-history":[{"count":3,"href":"https:\/\/xprosec.pl\/en\/wp-json\/wp\/v2\/product\/2643\/revisions"}],"predecessor-version":[{"id":2658,"href":"https:\/\/xprosec.pl\/en\/wp-json\/wp\/v2\/product\/2643\/revisions\/2658"}],"wp:featuredmedia":[{"embeddable":true,"href":"https:\/\/xprosec.pl\/en\/wp-json\/wp\/v2\/media\/2605"}],"wp:attachment":[{"href":"https:\/\/xprosec.pl\/en\/wp-json\/wp\/v2\/media?parent=2643"}],"wp:term":[{"taxonomy":"product_cat","embeddable":true,"href":"https:\/\/xprosec.pl\/en\/wp-json\/wp\/v2\/product_cat?post=2643"},{"taxonomy":"product_tag","embeddable":true,"href":"https:\/\/xprosec.pl\/en\/wp-json\/wp\/v2\/product_tag?post=2643"}],"curies":[{"name":"wp","href":"https:\/\/api.w.org\/{rel}","templated":true}]}}