{"id":2624,"date":"2023-03-27T12:30:38","date_gmt":"2023-03-27T11:30:38","guid":{"rendered":"http:\/\/dashxbzmjl.cfolks.pl\/szablon\/?post_type=product&#038;p=2624"},"modified":"2023-03-31T12:55:35","modified_gmt":"2023-03-31T11:55:35","slug":"prt-gx-door-h","status":"publish","type":"product","link":"https:\/\/xprosec.pl\/en\/produkt\/prt-gx-door-h\/","title":{"rendered":"PRT-GX-DOOR-H"},"content":{"rendered":"<p>Op\u0142ata roczna za licencje drzwi w systemie ProtegeGX hostowanym w chmurze. Op\u0142ata uiszczana z g\u00f3ry za ka\u017cdy rok.<\/p>\n","protected":false},"excerpt":{"rendered":"<p>Op\u0142ata roczna za licencje drzwi w systemie ProtegeGX hostowanym w chmurze. Op\u0142ata uiszczana z g\u00f3ry za ka\u017cdy rok.<\/p>\n","protected":false},"featured_media":2605,"template":"","meta":{"_mi_skip_tracking":false},"product_cat":[35,90,84],"product_tag":[],"class_list":["post-2624","product","type-product","status-publish","has-post-thumbnail","hentry","product_cat-kontrola-dostepu-i-sswin","product_cat-licencje-protege-gx","product_cat-protege-gx"],"aioseo_notices":[],"_links":{"self":[{"href":"https:\/\/xprosec.pl\/en\/wp-json\/wp\/v2\/product\/2624","targetHints":{"allow":["GET"]}}],"collection":[{"href":"https:\/\/xprosec.pl\/en\/wp-json\/wp\/v2\/product"}],"about":[{"href":"https:\/\/xprosec.pl\/en\/wp-json\/wp\/v2\/types\/product"}],"version-history":[{"count":1,"href":"https:\/\/xprosec.pl\/en\/wp-json\/wp\/v2\/product\/2624\/revisions"}],"predecessor-version":[{"id":2625,"href":"https:\/\/xprosec.pl\/en\/wp-json\/wp\/v2\/product\/2624\/revisions\/2625"}],"wp:featuredmedia":[{"embeddable":true,"href":"https:\/\/xprosec.pl\/en\/wp-json\/wp\/v2\/media\/2605"}],"wp:attachment":[{"href":"https:\/\/xprosec.pl\/en\/wp-json\/wp\/v2\/media?parent=2624"}],"wp:term":[{"taxonomy":"product_cat","embeddable":true,"href":"https:\/\/xprosec.pl\/en\/wp-json\/wp\/v2\/product_cat?post=2624"},{"taxonomy":"product_tag","embeddable":true,"href":"https:\/\/xprosec.pl\/en\/wp-json\/wp\/v2\/product_tag?post=2624"}],"curies":[{"name":"wp","href":"https:\/\/api.w.org\/{rel}","templated":true}]}}