{"id":2613,"date":"2023-03-27T12:23:14","date_gmt":"2023-03-27T11:23:14","guid":{"rendered":"http:\/\/dashxbzmjl.cfolks.pl\/szablon\/?post_type=product&#038;p=2613"},"modified":"2023-03-31T12:56:18","modified_gmt":"2023-03-31T11:56:18","slug":"prt-gx-srvr-ugv4","status":"publish","type":"product","link":"https:\/\/xprosec.pl\/en\/produkt\/prt-gx-srvr-ugv4\/","title":{"rendered":"PRT-GX-SRVR-UGV4"},"content":{"rendered":"<p>ProtegeGX podniesienie bazowej licencji w wersji 3 do wersji 4.<\/p>\n<p>Dodaje wszystkie nowe funkcjonalno\u015bci wersji 4, tam gdzie wymagane s\u0105 licencje &#8211; nale\u017cy je dokupi\u0107<\/br><\/p>\n","protected":false},"excerpt":{"rendered":"<p>ProtegeGX podniesienie bazowej licencji w wersji 3 do wersji 4.<\/p>\n","protected":false},"featured_media":2605,"template":"","meta":{"_mi_skip_tracking":false},"product_cat":[35,90,84],"product_tag":[],"class_list":["post-2613","product","type-product","status-publish","has-post-thumbnail","hentry","product_cat-kontrola-dostepu-i-sswin","product_cat-licencje-protege-gx","product_cat-protege-gx"],"aioseo_notices":[],"_links":{"self":[{"href":"https:\/\/xprosec.pl\/en\/wp-json\/wp\/v2\/product\/2613","targetHints":{"allow":["GET"]}}],"collection":[{"href":"https:\/\/xprosec.pl\/en\/wp-json\/wp\/v2\/product"}],"about":[{"href":"https:\/\/xprosec.pl\/en\/wp-json\/wp\/v2\/types\/product"}],"version-history":[{"count":1,"href":"https:\/\/xprosec.pl\/en\/wp-json\/wp\/v2\/product\/2613\/revisions"}],"predecessor-version":[{"id":2614,"href":"https:\/\/xprosec.pl\/en\/wp-json\/wp\/v2\/product\/2613\/revisions\/2614"}],"wp:featuredmedia":[{"embeddable":true,"href":"https:\/\/xprosec.pl\/en\/wp-json\/wp\/v2\/media\/2605"}],"wp:attachment":[{"href":"https:\/\/xprosec.pl\/en\/wp-json\/wp\/v2\/media?parent=2613"}],"wp:term":[{"taxonomy":"product_cat","embeddable":true,"href":"https:\/\/xprosec.pl\/en\/wp-json\/wp\/v2\/product_cat?post=2613"},{"taxonomy":"product_tag","embeddable":true,"href":"https:\/\/xprosec.pl\/en\/wp-json\/wp\/v2\/product_tag?post=2613"}],"curies":[{"name":"wp","href":"https:\/\/api.w.org\/{rel}","templated":true}]}}