{"id":2328,"date":"2023-03-22T12:25:16","date_gmt":"2023-03-22T12:25:16","guid":{"rendered":"http:\/\/dashxbzmjl.cfolks.pl\/szablon\/?post_type=product&#038;p=2328"},"modified":"2023-03-22T12:31:06","modified_gmt":"2023-03-22T12:31:06","slug":"em-cover","status":"publish","type":"product","link":"https:\/\/xprosec.pl\/en\/produkt\/em-cover\/","title":{"rendered":"Em Cover"},"content":{"rendered":"<p>Os\u0142ona do przycisku wyj\u015bcia awaryjnego<\/p>\n<ul>\n<li>Os\u0142ona posiada dwa zestawy wyj\u015b\u0107, kt\u00f3re s\u0142u\u017c\u0105 do monitorowania pracy podnoszonej pokrywy. Jeden zestaw styk\u00f3w \u0142\u0105czy si\u0119 z wej\u015bciem piezoelektrycznym (brz\u0119czykiem) na urz\u0105dzeniu Em Rex, a drugi z systemem kontroli dost\u0119pu w celu monitorowania<\/li>\n<li>\u00a0Zapobiega przypadkowemu lub niezamierzonemu uruchomieniu przycisku<\/li>\n<li>Wykonana z poliw\u0119glanu<\/li>\n<li>Wymiary; 92 mm (szer.) x 153 mm (wys.)<\/li>\n<li>Napi\u0119cie max: 30Vdc, 200mA<\/li>\n<li><span>Wyj\u015bcie do pod\u0142\u0105czenia do Em Rex dla sygnalizacji d\u017awi\u0119kowej<\/span><sup>\u00ae<\/sup><\/li>\n<li>Wyj\u015bcie N\/C do monitorowania stanu<\/li>\n<\/ul>\n","protected":false},"excerpt":{"rendered":"<p>Os\u0142ona do przycisku wyj\u015bcia awaryjnego<\/p>\n","protected":false},"featured_media":2329,"template":"","meta":{"_mi_skip_tracking":false},"product_cat":[47],"product_tag":[],"class_list":["post-2328","product","type-product","status-publish","has-post-thumbnail","hentry","product_cat-przyciski"],"aioseo_notices":[],"_links":{"self":[{"href":"https:\/\/xprosec.pl\/en\/wp-json\/wp\/v2\/product\/2328","targetHints":{"allow":["GET"]}}],"collection":[{"href":"https:\/\/xprosec.pl\/en\/wp-json\/wp\/v2\/product"}],"about":[{"href":"https:\/\/xprosec.pl\/en\/wp-json\/wp\/v2\/types\/product"}],"version-history":[{"count":1,"href":"https:\/\/xprosec.pl\/en\/wp-json\/wp\/v2\/product\/2328\/revisions"}],"predecessor-version":[{"id":2330,"href":"https:\/\/xprosec.pl\/en\/wp-json\/wp\/v2\/product\/2328\/revisions\/2330"}],"wp:featuredmedia":[{"embeddable":true,"href":"https:\/\/xprosec.pl\/en\/wp-json\/wp\/v2\/media\/2329"}],"wp:attachment":[{"href":"https:\/\/xprosec.pl\/en\/wp-json\/wp\/v2\/media?parent=2328"}],"wp:term":[{"taxonomy":"product_cat","embeddable":true,"href":"https:\/\/xprosec.pl\/en\/wp-json\/wp\/v2\/product_cat?post=2328"},{"taxonomy":"product_tag","embeddable":true,"href":"https:\/\/xprosec.pl\/en\/wp-json\/wp\/v2\/product_tag?post=2328"}],"curies":[{"name":"wp","href":"https:\/\/api.w.org\/{rel}","templated":true}]}}