{"id":2287,"date":"2023-03-22T10:08:28","date_gmt":"2023-03-22T10:08:28","guid":{"rendered":"http:\/\/dashxbzmjl.cfolks.pl\/szablon\/?post_type=product&#038;p=2287"},"modified":"2026-01-19T09:14:25","modified_gmt":"2026-01-19T08:14:25","slug":"smart-em-2","status":"publish","type":"product","link":"https:\/\/xprosec.pl\/en\/produkt\/smart-em-2\/","title":{"rendered":"Smart Em"},"content":{"rendered":"<p>Przycisk wyj\u015bcia awaryjnego z pod\u015bwietleniem LED, kolor zielony (dost\u0119pny r\u00f3wnie\u017c kolor bialy)<\/p>\n<ul>\n<li style=\"list-style-type: none;\">\n<ul>\n<li>Przycisk resetowalny za pomoc\u0105 narz\u0119dzia do\u0142\u0105czonego do przycisku<\/li>\n<li>Brak \u0142amliwych element\u00f3w koniecznych do wymiany po u\u017cyciu przycisku<\/li>\n<li>Dwa wyj\u015bcia przeka\u017anikowe, jedno do zwolnienia zamka, drugie do sygnalizacji zadzia\u0142ania<\/li>\n<li>Wizualna sygnalizacja u\u017cycia<\/li>\n<li>D\u017awi\u0119kowa sygnalizacja u\u017cycia (je\u017celi pod\u0142\u0105czony do zasilania)<\/li>\n<li>Dost\u0119pna opcjonalna pokrywa zabezpieczaj\u0105ca (EM COVER), kt\u00f3r\u0105 nale\u017cy unie\u015b\u0107 przed u\u017cyciem przycisku, uniesienie pokrywy jest natychmiast sygnalizowane do systemu Kontroli Dost\u0119pu i mo\u017ce uruchomi\u0107 sygnalizacj\u0119 d\u017awi\u0119kow\u0105 na przycisku<\/li>\n<li>Estetyczny design, niski profil odstaj\u0105cy od \u015bciany<\/li>\n<li>Wymienna ramka w kolorze zielonym, dost\u0119pne inne kolory ramek (czarny, bia\u0142y)<\/li>\n<li>Dost\u0119pna obudowa natynkowa (TDL-SSM)<\/li>\n<li>Dost\u0119pna seria przycisk\u00f3w wyj\u015bcia uprawnionego w tym samym designie, co pozwala na skonstruowanie zestawu przycisku wyj\u015bcia uprawnionego i wyj\u015bcia awaryjnego w jednej ramce<\/li>\n<li>Certyfikat C-Tick, zgodno\u015b\u0107 z norm\u0105 BS 5839 Pt 2<\/li>\n<li>Zasilanie: 10Vdc do 30Vdc, pob\u00f3r pr\u0105du 10mA przy 13.5Vdc, 5mA przy 27.6Vdc, wymagane tylko kiedy wymagane jest pod\u015bwietlenie i sygnalizacja d\u017awi\u0119kowa<\/li>\n<li>2 x wyj\u015bcie przeka\u017anikowe C\/NO\/NC, max. 2A\/30V<\/li>\n<li>Wymiary: 117mm x 76mm x 24mm<\/li>\n<\/ul>\n<\/li>\n<\/ul>\n","protected":false},"excerpt":{"rendered":"<p>Przycisk wyj\u015bcia awaryjnego z pod\u015bwietleniem LED, kolor zielony<\/p>\n","protected":false},"featured_media":2285,"template":"","meta":{"_mi_skip_tracking":false},"product_cat":[47,103],"product_tag":[],"class_list":["post-2287","product","type-product","status-publish","has-post-thumbnail","hentry","product_cat-przyciski","product_cat-przyciski-awaryjne"],"aioseo_notices":[],"_links":{"self":[{"href":"https:\/\/xprosec.pl\/en\/wp-json\/wp\/v2\/product\/2287","targetHints":{"allow":["GET"]}}],"collection":[{"href":"https:\/\/xprosec.pl\/en\/wp-json\/wp\/v2\/product"}],"about":[{"href":"https:\/\/xprosec.pl\/en\/wp-json\/wp\/v2\/types\/product"}],"version-history":[{"count":3,"href":"https:\/\/xprosec.pl\/en\/wp-json\/wp\/v2\/product\/2287\/revisions"}],"predecessor-version":[{"id":5221,"href":"https:\/\/xprosec.pl\/en\/wp-json\/wp\/v2\/product\/2287\/revisions\/5221"}],"wp:featuredmedia":[{"embeddable":true,"href":"https:\/\/xprosec.pl\/en\/wp-json\/wp\/v2\/media\/2285"}],"wp:attachment":[{"href":"https:\/\/xprosec.pl\/en\/wp-json\/wp\/v2\/media?parent=2287"}],"wp:term":[{"taxonomy":"product_cat","embeddable":true,"href":"https:\/\/xprosec.pl\/en\/wp-json\/wp\/v2\/product_cat?post=2287"},{"taxonomy":"product_tag","embeddable":true,"href":"https:\/\/xprosec.pl\/en\/wp-json\/wp\/v2\/product_tag?post=2287"}],"curies":[{"name":"wp","href":"https:\/\/api.w.org\/{rel}","templated":true}]}}