{"id":2279,"date":"2023-03-22T09:07:04","date_gmt":"2023-03-22T09:07:04","guid":{"rendered":"http:\/\/dashxbzmjl.cfolks.pl\/szablon\/?post_type=product&#038;p=2279"},"modified":"2023-03-22T12:23:38","modified_gmt":"2023-03-22T12:23:38","slug":"em-rex","status":"publish","type":"product","link":"https:\/\/xprosec.pl\/en\/produkt\/em-rex\/","title":{"rendered":"Em Rex"},"content":{"rendered":"<p>Przycisk wyj\u015bcia awaryjnego<\/p>\n<ul>\n<li>Przycisk resetowalny za pomoc\u0105 narz\u0119dzia do\u0142\u0105czonego do przycisku<\/li>\n<li>Brak \u0142amliwych element\u00f3w koniecznych do wymiany po u\u017cyciu przycisku<\/li>\n<li>Dwa wyj\u015bcia przeka\u017anikowe, jedno do zwolnienia zamka, drugie do sygnalizacji zadzia\u0142ania<\/li>\n<li>Dost\u0119pna opcjonalna pokrywa zabezpieczaj\u0105ca (EM COVER), kt\u00f3r\u0105 nale\u017cy unie\u015b\u0107 przed u\u017cyciem przycisku, uniesienie pokrywy jest natychmiast sygnalizowane do systemu Kontroli Dost\u0119pu i mo\u017ce uruchomi\u0107 sygnalizacj\u0119 d\u017awi\u0119kow\u0105 na przycisku<\/li>\n<li>Estetyczny design, niski profil odstaj\u0105cy od \u015bciany<\/li>\n<li>Wymienna ramka w kolorze zielonym, dost\u0119pne inne kolory ramek (czarny, bia\u0142y)<\/li>\n<li>Dost\u0119pna obudowa natynkowa (TDL-SSM)<\/li>\n<li>Dost\u0119pna seria przycisk\u00f3w wyj\u015bcia uprawnionego w tym samym designie, co pozwala na skonstruowanie zestawu przycisku wyj\u015bcia uprawnionego i wyj\u015bcia awaryjnego w jednej ramce<\/li>\n<li>Certyfikat C-Tick, zgodno\u015b\u0107 z norm\u0105 BS 5839 Pt 2.<\/li>\n<\/ul>\n","protected":false},"excerpt":{"rendered":"<p>Przycisk wyj\u015bcia uprawnionego<\/p>\n","protected":false},"featured_media":2285,"template":"","meta":{"_mi_skip_tracking":false},"product_cat":[47,103],"product_tag":[],"class_list":["post-2279","product","type-product","status-publish","has-post-thumbnail","hentry","product_cat-przyciski","product_cat-przyciski-awaryjne"],"aioseo_notices":[],"_links":{"self":[{"href":"https:\/\/xprosec.pl\/en\/wp-json\/wp\/v2\/product\/2279","targetHints":{"allow":["GET"]}}],"collection":[{"href":"https:\/\/xprosec.pl\/en\/wp-json\/wp\/v2\/product"}],"about":[{"href":"https:\/\/xprosec.pl\/en\/wp-json\/wp\/v2\/types\/product"}],"version-history":[{"count":1,"href":"https:\/\/xprosec.pl\/en\/wp-json\/wp\/v2\/product\/2279\/revisions"}],"predecessor-version":[{"id":2282,"href":"https:\/\/xprosec.pl\/en\/wp-json\/wp\/v2\/product\/2279\/revisions\/2282"}],"wp:featuredmedia":[{"embeddable":true,"href":"https:\/\/xprosec.pl\/en\/wp-json\/wp\/v2\/media\/2285"}],"wp:attachment":[{"href":"https:\/\/xprosec.pl\/en\/wp-json\/wp\/v2\/media?parent=2279"}],"wp:term":[{"taxonomy":"product_cat","embeddable":true,"href":"https:\/\/xprosec.pl\/en\/wp-json\/wp\/v2\/product_cat?post=2279"},{"taxonomy":"product_tag","embeddable":true,"href":"https:\/\/xprosec.pl\/en\/wp-json\/wp\/v2\/product_tag?post=2279"}],"curies":[{"name":"wp","href":"https:\/\/api.w.org\/{rel}","templated":true}]}}