{"id":2276,"date":"2023-03-22T08:53:37","date_gmt":"2023-03-22T08:53:37","guid":{"rendered":"http:\/\/dashxbzmjl.cfolks.pl\/szablon\/?post_type=product&#038;p=2276"},"modified":"2023-03-24T10:16:23","modified_gmt":"2023-03-24T10:16:23","slug":"press-rex","status":"publish","type":"product","link":"https:\/\/xprosec.pl\/en\/produkt\/press-rex\/","title":{"rendered":"Press Rex"},"content":{"rendered":"<p>Przycisk wyj\u015bcia uprawnionego<\/p>\n<ul>\n<li>Pod\u015bwietlany silikonowy przycisk, kt\u00f3ry mo\u017cna \u0142atwo nacisn\u0105\u0107 i zobaczy\u0107 w obszarach ograniczonego o\u015bwietlenia<\/li>\n<li>Przycisk jest pod\u015bwietlany na niebiesko i zmienia kolor na zielony po aktywacji<\/li>\n<li>Wbudowany sygnalizator d\u017awi\u0119kowy potwierdzaj\u0105cy dzia\u0142anie<\/li>\n<li>\u0141atwy do czyszczenia i odporny na blakni\u0119cie<\/li>\n<li>Zasilanie 10 do 30V DC &#8211; 100mA przy 13,6 V DC<\/li>\n<li>2 x wyj\u015bcie przeka\u017anikowe C\/NO\/NC, max. 2A\/30V<\/li>\n<li>Certyfikat C-Tick, RCM, RoHS<\/li>\n<\/ul>\n","protected":false},"excerpt":{"rendered":"<p>Przycisk wyj\u015bcia uprawnionego<\/p>\n","protected":false},"featured_media":2277,"template":"","meta":{"_mi_skip_tracking":false},"product_cat":[47,102],"product_tag":[],"class_list":["post-2276","product","type-product","status-publish","has-post-thumbnail","hentry","product_cat-przyciski","product_cat-przyciski-wyjscia"],"aioseo_notices":[],"_links":{"self":[{"href":"https:\/\/xprosec.pl\/en\/wp-json\/wp\/v2\/product\/2276","targetHints":{"allow":["GET"]}}],"collection":[{"href":"https:\/\/xprosec.pl\/en\/wp-json\/wp\/v2\/product"}],"about":[{"href":"https:\/\/xprosec.pl\/en\/wp-json\/wp\/v2\/types\/product"}],"version-history":[{"count":3,"href":"https:\/\/xprosec.pl\/en\/wp-json\/wp\/v2\/product\/2276\/revisions"}],"predecessor-version":[{"id":2513,"href":"https:\/\/xprosec.pl\/en\/wp-json\/wp\/v2\/product\/2276\/revisions\/2513"}],"wp:featuredmedia":[{"embeddable":true,"href":"https:\/\/xprosec.pl\/en\/wp-json\/wp\/v2\/media\/2277"}],"wp:attachment":[{"href":"https:\/\/xprosec.pl\/en\/wp-json\/wp\/v2\/media?parent=2276"}],"wp:term":[{"taxonomy":"product_cat","embeddable":true,"href":"https:\/\/xprosec.pl\/en\/wp-json\/wp\/v2\/product_cat?post=2276"},{"taxonomy":"product_tag","embeddable":true,"href":"https:\/\/xprosec.pl\/en\/wp-json\/wp\/v2\/product_tag?post=2276"}],"curies":[{"name":"wp","href":"https:\/\/api.w.org\/{rel}","templated":true}]}}