{"id":2270,"date":"2023-03-22T08:36:44","date_gmt":"2023-03-22T08:36:44","guid":{"rendered":"http:\/\/dashxbzmjl.cfolks.pl\/szablon\/?post_type=product&#038;p=2270"},"modified":"2026-01-19T09:18:36","modified_gmt":"2026-01-19T08:18:36","slug":"prox-rex","status":"publish","type":"product","link":"https:\/\/xprosec.pl\/en\/produkt\/prox-rex\/","title":{"rendered":"Prox-Rex"},"content":{"rendered":"<p>Dotykowy przycisk wyj\u015bcia uprawnionego<\/p>\n<ul>\n<li>Wymaga tylko delikatnego dotkni\u0119cia w celu aktywacji, co czyni go \u0142atwym i szybkim w u\u017cyciu, r\u00f3wnie\u017c dla os\u00f3b niepe\u0142nosprawnych, starszych czy dzieci<\/li>\n<li>Idealnie sprawdza si\u0119 w miejscach o du\u017cym nat\u0119\u017ceniu ruchu, gdzie wa\u017cne jest szybkie i pewne dzia\u0142anie<\/li>\n<li>Mo\u017ce by\u0107 stosowany w r\u00f3\u017cnych aplikacjach<\/li>\n<li>Brak ruchomych cz\u0119\u015bci<\/li>\n<li>\u0141atwy w czyszczeniu, idealny do miejsc gdzie wa\u017cna jest dezynfekcja<\/li>\n<li>Dwa wska\u017aniki LED zapewniaj\u0105ce wizualn\u0105 kontrol\u0119 dzia\u0142ania \u2013 sygnalizacja prawid\u0142owego dzia\u0142ania (kolor czewony), sygnalizacja zadzia\u0142ania (zielony)<\/li>\n<li>Wbudowana sygnalizacja d\u017awi\u0119kowa u\u017cycia, za pomoc\u0105 buzzera<\/li>\n<li>Estetyczny design, niski profil odstaj\u0105cy od \u015bciany<\/li>\n<li>Wymienna ramka w standardowy kolorze bia\u0142ym, dost\u0119pne inne kolory ramek (czarny, zielony)<\/li>\n<li>Dost\u0119pna obudowa natynkowa (TDL-SSM)<\/li>\n<li>Dost\u0119pna seria przycisk\u00f3w wyj\u015bcia awaryjnego w tym samym designie, co pozwala na skonstruowanie zestawu przycisku wyj\u015bcia uprawnionego i wyj\u015bcia awaryjnego w jednej ramce<\/li>\n<li>Certyfikat C-Tick, zgodno\u015b\u0107 z norm\u0105 BS 5839 Pt 2<\/li>\n<li>Zasilanie: 9Vdc do 16Vdc, pob\u00f3r pr\u0105du 50mA przy 13.5Vdc<\/li>\n<li>2 x wyj\u015bcie przeka\u017anikowe C\/NO\/NC, max. 1A\/30V<\/li>\n<li>Automatyczna kalibracja przycisku dotykowego<\/li>\n<li>Wymiary: 117mm x 76mm x 18mm<\/li>\n<\/ul>\n","protected":false},"excerpt":{"rendered":"<p>Dotykowy przycisk wyj\u015bcia uprawnionego<\/p>\n","protected":false},"featured_media":2271,"template":"","meta":{"_mi_skip_tracking":false},"product_cat":[47,102],"product_tag":[],"class_list":["post-2270","product","type-product","status-publish","has-post-thumbnail","hentry","product_cat-przyciski","product_cat-przyciski-wyjscia"],"aioseo_notices":[],"_links":{"self":[{"href":"https:\/\/xprosec.pl\/en\/wp-json\/wp\/v2\/product\/2270","targetHints":{"allow":["GET"]}}],"collection":[{"href":"https:\/\/xprosec.pl\/en\/wp-json\/wp\/v2\/product"}],"about":[{"href":"https:\/\/xprosec.pl\/en\/wp-json\/wp\/v2\/types\/product"}],"version-history":[{"count":4,"href":"https:\/\/xprosec.pl\/en\/wp-json\/wp\/v2\/product\/2270\/revisions"}],"predecessor-version":[{"id":2275,"href":"https:\/\/xprosec.pl\/en\/wp-json\/wp\/v2\/product\/2270\/revisions\/2275"}],"wp:featuredmedia":[{"embeddable":true,"href":"https:\/\/xprosec.pl\/en\/wp-json\/wp\/v2\/media\/2271"}],"wp:attachment":[{"href":"https:\/\/xprosec.pl\/en\/wp-json\/wp\/v2\/media?parent=2270"}],"wp:term":[{"taxonomy":"product_cat","embeddable":true,"href":"https:\/\/xprosec.pl\/en\/wp-json\/wp\/v2\/product_cat?post=2270"},{"taxonomy":"product_tag","embeddable":true,"href":"https:\/\/xprosec.pl\/en\/wp-json\/wp\/v2\/product_tag?post=2270"}],"curies":[{"name":"wp","href":"https:\/\/api.w.org\/{rel}","templated":true}]}}