{"id":2248,"date":"2023-03-21T14:11:11","date_gmt":"2023-03-21T14:11:11","guid":{"rendered":"http:\/\/dashxbzmjl.cfolks.pl\/szablon\/?post_type=product&#038;p=2248"},"modified":"2023-03-21T14:21:45","modified_gmt":"2023-03-21T14:21:45","slug":"smart-life","status":"publish","type":"product","link":"https:\/\/xprosec.pl\/en\/produkt\/smart-life\/","title":{"rendered":"Smart Life"},"content":{"rendered":"<p>Aplikacja interkomowa Smart Life Cloud Service License <span style=\"color: #ff0000;\">(wymagany monitor)<\/span><\/p>\n<ul>\n<li>Po\u0142\u0105czenia wideo na twoim smartfonie<\/li>\n<li>Podgl\u0105d wideo przed odebraniem po\u0142\u0105czenia<\/li>\n<li>Zdalne otwieranie drzwi<\/li>\n<li>Monitoring wideo na stacji drzwiowej<\/li>\n<li>Zdj\u0119cia i nagrywanie wideo<\/li>\n<li>Powiadomienia ze zdj\u0119ciem o nieodebranych rozmowach<\/li>\n<li>Wsp\u00f3\u0142dzielenie konta z cz\u0142onkami rodziny (do 20 aplikacji)<\/li>\n<\/ul>\n","protected":false},"excerpt":{"rendered":"<p>Aplikacja interkomowa Smart Life<\/p>\n","protected":false},"featured_media":2249,"template":"","meta":{"_mi_skip_tracking":false},"product_cat":[34],"product_tag":[],"class_list":["post-2248","product","type-product","status-publish","has-post-thumbnail","hentry","product_cat-bez-kategorii"],"aioseo_notices":[],"_links":{"self":[{"href":"https:\/\/xprosec.pl\/en\/wp-json\/wp\/v2\/product\/2248","targetHints":{"allow":["GET"]}}],"collection":[{"href":"https:\/\/xprosec.pl\/en\/wp-json\/wp\/v2\/product"}],"about":[{"href":"https:\/\/xprosec.pl\/en\/wp-json\/wp\/v2\/types\/product"}],"version-history":[{"count":1,"href":"https:\/\/xprosec.pl\/en\/wp-json\/wp\/v2\/product\/2248\/revisions"}],"predecessor-version":[{"id":2250,"href":"https:\/\/xprosec.pl\/en\/wp-json\/wp\/v2\/product\/2248\/revisions\/2250"}],"wp:featuredmedia":[{"embeddable":true,"href":"https:\/\/xprosec.pl\/en\/wp-json\/wp\/v2\/media\/2249"}],"wp:attachment":[{"href":"https:\/\/xprosec.pl\/en\/wp-json\/wp\/v2\/media?parent=2248"}],"wp:term":[{"taxonomy":"product_cat","embeddable":true,"href":"https:\/\/xprosec.pl\/en\/wp-json\/wp\/v2\/product_cat?post=2248"},{"taxonomy":"product_tag","embeddable":true,"href":"https:\/\/xprosec.pl\/en\/wp-json\/wp\/v2\/product_tag?post=2248"}],"curies":[{"name":"wp","href":"https:\/\/api.w.org\/{rel}","templated":true}]}}