{"id":2240,"date":"2023-03-21T13:56:42","date_gmt":"2023-03-21T13:56:42","guid":{"rendered":"http:\/\/dashxbzmjl.cfolks.pl\/szablon\/?post_type=product&#038;p=2240"},"modified":"2023-03-21T13:59:57","modified_gmt":"2023-03-21T13:59:57","slug":"904m-s3","status":"publish","type":"product","link":"https:\/\/xprosec.pl\/en\/produkt\/904m-s3\/","title":{"rendered":"904M-S3-W"},"content":{"rendered":"<p>Monitor SIP 10&#8243;, Android, <span style=\"color: #ff0000;\">WiFi<\/span><\/p>\n<ul>\n<li>Ekran dotykowy 10&#8243; TFT LCD 1024 x 600<\/li>\n<li>Komunikacja dwukierunkowa oparta na protokole SIP v2.0<\/li>\n<li>WiFi<\/li>\n<li>Zasilanie PoE lub z zewn\u0119trznego \u017ar\u00f3d\u0142a 12Vdc<\/li>\n<\/ul>\n","protected":false},"excerpt":{"rendered":"<p>Monitor SIP 10&#8243;, Android, <span style=\"color: #ff0000;\">WiFi<\/span><\/p>\n","protected":false},"featured_media":2241,"template":"","meta":{"_mi_skip_tracking":false},"product_cat":[34],"product_tag":[],"class_list":["post-2240","product","type-product","status-publish","has-post-thumbnail","hentry","product_cat-bez-kategorii"],"aioseo_notices":[],"_links":{"self":[{"href":"https:\/\/xprosec.pl\/en\/wp-json\/wp\/v2\/product\/2240","targetHints":{"allow":["GET"]}}],"collection":[{"href":"https:\/\/xprosec.pl\/en\/wp-json\/wp\/v2\/product"}],"about":[{"href":"https:\/\/xprosec.pl\/en\/wp-json\/wp\/v2\/types\/product"}],"version-history":[{"count":3,"href":"https:\/\/xprosec.pl\/en\/wp-json\/wp\/v2\/product\/2240\/revisions"}],"predecessor-version":[{"id":2244,"href":"https:\/\/xprosec.pl\/en\/wp-json\/wp\/v2\/product\/2240\/revisions\/2244"}],"wp:featuredmedia":[{"embeddable":true,"href":"https:\/\/xprosec.pl\/en\/wp-json\/wp\/v2\/media\/2241"}],"wp:attachment":[{"href":"https:\/\/xprosec.pl\/en\/wp-json\/wp\/v2\/media?parent=2240"}],"wp:term":[{"taxonomy":"product_cat","embeddable":true,"href":"https:\/\/xprosec.pl\/en\/wp-json\/wp\/v2\/product_cat?post=2240"},{"taxonomy":"product_tag","embeddable":true,"href":"https:\/\/xprosec.pl\/en\/wp-json\/wp\/v2\/product_tag?post=2240"}],"curies":[{"name":"wp","href":"https:\/\/api.w.org\/{rel}","templated":true}]}}