{"id":2235,"date":"2023-03-21T13:49:28","date_gmt":"2023-03-21T13:49:28","guid":{"rendered":"http:\/\/dashxbzmjl.cfolks.pl\/szablon\/?post_type=product&#038;p=2235"},"modified":"2023-03-21T13:54:19","modified_gmt":"2023-03-21T13:54:19","slug":"a416","status":"publish","type":"product","link":"https:\/\/xprosec.pl\/en\/produkt\/a416\/","title":{"rendered":"A416"},"content":{"rendered":"<p>Monitor SIP 7&#8243;, Android 10<\/p>\n<ul>\n<li>Ekran dotykowy 7&#8243; IPS 1024 x 600<\/li>\n<li>Komunikacja dwukierunkowa oparta na protokole SIP v2.0<\/li>\n<li>Zasilanie PoE lub z zewn\u0119trznego \u017a\u00f3d\u0142a 12Vdc<\/li>\n<li>Opcjonalnie dost\u0119pna podstawa na biurko<\/li>\n<\/ul>\n","protected":false},"excerpt":{"rendered":"<p>Monitor SIP 7&#8243;, Android 10<\/p>\n","protected":false},"featured_media":2236,"template":"","meta":{"_mi_skip_tracking":false},"product_cat":[34],"product_tag":[],"class_list":["post-2235","product","type-product","status-publish","has-post-thumbnail","hentry","product_cat-bez-kategorii"],"aioseo_notices":[],"_links":{"self":[{"href":"https:\/\/xprosec.pl\/en\/wp-json\/wp\/v2\/product\/2235","targetHints":{"allow":["GET"]}}],"collection":[{"href":"https:\/\/xprosec.pl\/en\/wp-json\/wp\/v2\/product"}],"about":[{"href":"https:\/\/xprosec.pl\/en\/wp-json\/wp\/v2\/types\/product"}],"version-history":[{"count":1,"href":"https:\/\/xprosec.pl\/en\/wp-json\/wp\/v2\/product\/2235\/revisions"}],"predecessor-version":[{"id":2237,"href":"https:\/\/xprosec.pl\/en\/wp-json\/wp\/v2\/product\/2235\/revisions\/2237"}],"wp:featuredmedia":[{"embeddable":true,"href":"https:\/\/xprosec.pl\/en\/wp-json\/wp\/v2\/media\/2236"}],"wp:attachment":[{"href":"https:\/\/xprosec.pl\/en\/wp-json\/wp\/v2\/media?parent=2235"}],"wp:term":[{"taxonomy":"product_cat","embeddable":true,"href":"https:\/\/xprosec.pl\/en\/wp-json\/wp\/v2\/product_cat?post=2235"},{"taxonomy":"product_tag","embeddable":true,"href":"https:\/\/xprosec.pl\/en\/wp-json\/wp\/v2\/product_tag?post=2235"}],"curies":[{"name":"wp","href":"https:\/\/api.w.org\/{rel}","templated":true}]}}