{"id":2230,"date":"2023-03-21T13:44:00","date_gmt":"2023-03-21T13:44:00","guid":{"rendered":"http:\/\/dashxbzmjl.cfolks.pl\/szablon\/?post_type=product&#038;p=2230"},"modified":"2023-03-21T13:46:48","modified_gmt":"2023-03-21T13:46:48","slug":"e416","status":"publish","type":"product","link":"https:\/\/xprosec.pl\/en\/produkt\/e416\/","title":{"rendered":"E416"},"content":{"rendered":"<p>Monitor SIP 7&#8243;, Android 10<\/p>\n<ul>\n<li>Ekran dotykowy 7&#8243; TFT 1024 x 600<\/li>\n<li>Komunikacja dwukierunkowa oparta na protokole SIP v2.0<\/li>\n<li>Zasilanie PoE lub z zewn\u0119trznego \u017a\u00f3d\u0142a 12Vdc<\/li>\n<li>Opcjonalnie dost\u0119pna podstawa na biurko<\/li>\n<\/ul>\n","protected":false},"excerpt":{"rendered":"<p>Monitor SIP 7&#8243;, Android 10<\/p>\n","protected":false},"featured_media":2231,"template":"","meta":{"_mi_skip_tracking":false},"product_cat":[34],"product_tag":[],"class_list":["post-2230","product","type-product","status-publish","has-post-thumbnail","hentry","product_cat-bez-kategorii"],"aioseo_notices":[],"_links":{"self":[{"href":"https:\/\/xprosec.pl\/en\/wp-json\/wp\/v2\/product\/2230","targetHints":{"allow":["GET"]}}],"collection":[{"href":"https:\/\/xprosec.pl\/en\/wp-json\/wp\/v2\/product"}],"about":[{"href":"https:\/\/xprosec.pl\/en\/wp-json\/wp\/v2\/types\/product"}],"version-history":[{"count":1,"href":"https:\/\/xprosec.pl\/en\/wp-json\/wp\/v2\/product\/2230\/revisions"}],"predecessor-version":[{"id":2232,"href":"https:\/\/xprosec.pl\/en\/wp-json\/wp\/v2\/product\/2230\/revisions\/2232"}],"wp:featuredmedia":[{"embeddable":true,"href":"https:\/\/xprosec.pl\/en\/wp-json\/wp\/v2\/media\/2231"}],"wp:attachment":[{"href":"https:\/\/xprosec.pl\/en\/wp-json\/wp\/v2\/media?parent=2230"}],"wp:term":[{"taxonomy":"product_cat","embeddable":true,"href":"https:\/\/xprosec.pl\/en\/wp-json\/wp\/v2\/product_cat?post=2230"},{"taxonomy":"product_tag","embeddable":true,"href":"https:\/\/xprosec.pl\/en\/wp-json\/wp\/v2\/product_tag?post=2230"}],"curies":[{"name":"wp","href":"https:\/\/api.w.org\/{rel}","templated":true}]}}